{"id":1051,"date":"2016-04-19T13:26:27","date_gmt":"2016-04-19T12:26:27","guid":{"rendered":"http:\/\/www.mesys.nl\/?page_id=1051&#038;lang=de"},"modified":"2016-04-19T13:26:27","modified_gmt":"2016-04-19T12:26:27","slug":"dienstleistungen","status":"publish","type":"page","link":"https:\/\/www.mesys.nl\/de\/produkte-und-dienstleistungen\/dienstleistungen\/","title":{"rendered":"Dienstleistungen"},"content":{"rendered":"<h1>Dienstleistungen<\/h1>\n<p><strong><br \/>\nEmissionswerte<\/strong><\/p>\n<p>Mesys garantiert, dass der Kunde nach Aufbau der Anlage die in der jeweiligen Umweltgenehmigung vorgegebenen Werte einh\u00e4lt.<\/p>\n<p><strong>Grenzwerte<\/strong><\/p>\n<p>Mesys tr\u00e4gt dazu bei, die Arbeitsklima bei seinen Auftraggebern so optimal wie m\u00f6glich zu halten. Wir garantieren daher, dass die Mitarbeiter unserer Auftraggeber in der Werkshalle nicht einer h\u00f6heren Konzentration eines bestimmten Stoffes ausgesetzt sind als vereinbart unter spezifizierte Arbeitsumstande. Zu diesem Zweck geh\u00f6ren auch Garantiemessungen zu unserer Lieferung. F\u00fcr die Situation danach \u00fcbernehmen wir jedoch keine Garantie. Diese ist stets von der Arbeitsweise der Mitarbeiter und dem Wartungszustand der Anlage abh\u00e4ngig.<\/p>\n<p><strong>Pneumatischer Transport<\/strong><\/p>\n<p>Mesys plant, liefert und installiert sowohl Druck- als auch Saugtransportsysteme mit Funktionsgarantie.<\/p>\n<p><strong>Geruchsemission<\/strong><\/p>\n<p>Mesys bietet alle 50 bestehenden geruchsentfernende Techniken. Nach der Installation der Anlage garantieren wir den vereinbarten Leistungsgrad. Unsere geruchsentfernenden Anlagen sind zukunftssicher.<\/p>\n<p><strong>Sch\u00fcttguthandling<br \/>\n<\/strong><br \/>\nMesys ist Spezialist auf dem Gebiet des Sch\u00fcttguthandlings. Wir liefern alle m\u00f6glichen Teile, vom Vibrationsf\u00f6rderer \u00fcber Transportb\u00e4nder bis zu Transportsystemen f\u00fcr die Sch\u00fcttgutlagerung.<\/p>\n","protected":false},"excerpt":{"rendered":"<p>Dienstleistungen Emissionswerte Mesys garantiert, dass der Kunde nach Aufbau der Anlage die in der jeweiligen Umweltgenehmigung vorgegebenen Werte einh\u00e4lt. Grenzwerte Mesys tr\u00e4gt dazu bei, die Arbeitsklima bei seinen Auftraggebern so optimal wie m\u00f6glich zu halten. Wir garantieren daher, dass die Mitarbeiter unserer Auftraggeber in der Werkshalle nicht einer h\u00f6heren Konzentration eines bestimmten Stoffes ausgesetzt sind [&hellip;]<\/p>\n","protected":false},"author":1,"featured_media":0,"parent":1061,"menu_order":0,"comment_status":"closed","ping_status":"closed","template":"","meta":{"_acf_changed":false,"_monsterinsights_skip_tracking":false,"_monsterinsights_sitenote_active":false,"_monsterinsights_sitenote_note":"","_monsterinsights_sitenote_category":0,"footnotes":""},"class_list":["post-1051","page","type-page","status-publish","hentry"],"acf":[],"yoast_head":"<!-- This site is optimized with the Yoast SEO plugin v27.4 - https:\/\/yoast.com\/product\/yoast-seo-wordpress\/ -->\n<title>Dienstleistungen - Mesys Air Systems<\/title>\n<meta name=\"robots\" content=\"index, follow, max-snippet:-1, max-image-preview:large, max-video-preview:-1\" \/>\n<link rel=\"canonical\" href=\"https:\/\/www.mesys.nl\/de\/produkte-und-dienstleistungen\/dienstleistungen\/\" \/>\n<meta property=\"og:locale\" content=\"de_DE\" \/>\n<meta property=\"og:type\" content=\"article\" \/>\n<meta property=\"og:title\" content=\"Dienstleistungen - Mesys Air Systems\" \/>\n<meta property=\"og:description\" content=\"Dienstleistungen Emissionswerte Mesys garantiert, dass der Kunde nach Aufbau der Anlage die in der jeweiligen Umweltgenehmigung vorgegebenen Werte einh\u00e4lt. Grenzwerte Mesys tr\u00e4gt dazu bei, die Arbeitsklima bei seinen Auftraggebern so optimal wie m\u00f6glich zu halten. Wir garantieren daher, dass die Mitarbeiter unserer Auftraggeber in der Werkshalle nicht einer h\u00f6heren Konzentration eines bestimmten Stoffes ausgesetzt sind [&hellip;]\" \/>\n<meta property=\"og:url\" content=\"https:\/\/www.mesys.nl\/de\/produkte-und-dienstleistungen\/dienstleistungen\/\" \/>\n<meta property=\"og:site_name\" content=\"Mesys Air Systems\" \/>\n<meta name=\"twitter:label1\" content=\"Gesch\u00e4tzte Lesezeit\" \/>\n\t<meta name=\"twitter:data1\" content=\"1\u00a0Minute\" \/>\n<script type=\"application\/ld+json\" class=\"yoast-schema-graph\">{\"@context\":\"https:\\\/\\\/schema.org\",\"@graph\":[{\"@type\":\"WebPage\",\"@id\":\"https:\\\/\\\/www.mesys.nl\\\/de\\\/produkte-und-dienstleistungen\\\/dienstleistungen\\\/\",\"url\":\"https:\\\/\\\/www.mesys.nl\\\/de\\\/produkte-und-dienstleistungen\\\/dienstleistungen\\\/\",\"name\":\"Dienstleistungen - Mesys Air Systems\",\"isPartOf\":{\"@id\":\"https:\\\/\\\/www.mesys.nl\\\/#website\"},\"datePublished\":\"2016-04-19T12:26:27+00:00\",\"breadcrumb\":{\"@id\":\"https:\\\/\\\/www.mesys.nl\\\/de\\\/produkte-und-dienstleistungen\\\/dienstleistungen\\\/#breadcrumb\"},\"inLanguage\":\"de\",\"potentialAction\":[{\"@type\":\"ReadAction\",\"target\":[\"https:\\\/\\\/www.mesys.nl\\\/de\\\/produkte-und-dienstleistungen\\\/dienstleistungen\\\/\"]}]},{\"@type\":\"BreadcrumbList\",\"@id\":\"https:\\\/\\\/www.mesys.nl\\\/de\\\/produkte-und-dienstleistungen\\\/dienstleistungen\\\/#breadcrumb\",\"itemListElement\":[{\"@type\":\"ListItem\",\"position\":1,\"name\":\"Home\",\"item\":\"https:\\\/\\\/www.mesys.nl\\\/de\\\/\"},{\"@type\":\"ListItem\",\"position\":2,\"name\":\"Produkte und Dienstleistungen\",\"item\":\"https:\\\/\\\/www.mesys.nl\\\/de\\\/produkte-und-dienstleistungen\\\/\"},{\"@type\":\"ListItem\",\"position\":3,\"name\":\"Dienstleistungen\"}]},{\"@type\":\"WebSite\",\"@id\":\"https:\\\/\\\/www.mesys.nl\\\/#website\",\"url\":\"https:\\\/\\\/www.mesys.nl\\\/\",\"name\":\"Mesys Air Systems\",\"description\":\"Air Systems BV\",\"potentialAction\":[{\"@type\":\"SearchAction\",\"target\":{\"@type\":\"EntryPoint\",\"urlTemplate\":\"https:\\\/\\\/www.mesys.nl\\\/?s={search_term_string}\"},\"query-input\":{\"@type\":\"PropertyValueSpecification\",\"valueRequired\":true,\"valueName\":\"search_term_string\"}}],\"inLanguage\":\"de\"}]}<\/script>\n<!-- \/ Yoast SEO plugin. -->","yoast_head_json":{"title":"Dienstleistungen - Mesys Air Systems","robots":{"index":"index","follow":"follow","max-snippet":"max-snippet:-1","max-image-preview":"max-image-preview:large","max-video-preview":"max-video-preview:-1"},"canonical":"https:\/\/www.mesys.nl\/de\/produkte-und-dienstleistungen\/dienstleistungen\/","og_locale":"de_DE","og_type":"article","og_title":"Dienstleistungen - Mesys Air Systems","og_description":"Dienstleistungen Emissionswerte Mesys garantiert, dass der Kunde nach Aufbau der Anlage die in der jeweiligen Umweltgenehmigung vorgegebenen Werte einh\u00e4lt. Grenzwerte Mesys tr\u00e4gt dazu bei, die Arbeitsklima bei seinen Auftraggebern so optimal wie m\u00f6glich zu halten. Wir garantieren daher, dass die Mitarbeiter unserer Auftraggeber in der Werkshalle nicht einer h\u00f6heren Konzentration eines bestimmten Stoffes ausgesetzt sind [&hellip;]","og_url":"https:\/\/www.mesys.nl\/de\/produkte-und-dienstleistungen\/dienstleistungen\/","og_site_name":"Mesys Air Systems","twitter_misc":{"Gesch\u00e4tzte Lesezeit":"1\u00a0Minute"},"schema":{"@context":"https:\/\/schema.org","@graph":[{"@type":"WebPage","@id":"https:\/\/www.mesys.nl\/de\/produkte-und-dienstleistungen\/dienstleistungen\/","url":"https:\/\/www.mesys.nl\/de\/produkte-und-dienstleistungen\/dienstleistungen\/","name":"Dienstleistungen - Mesys Air Systems","isPartOf":{"@id":"https:\/\/www.mesys.nl\/#website"},"datePublished":"2016-04-19T12:26:27+00:00","breadcrumb":{"@id":"https:\/\/www.mesys.nl\/de\/produkte-und-dienstleistungen\/dienstleistungen\/#breadcrumb"},"inLanguage":"de","potentialAction":[{"@type":"ReadAction","target":["https:\/\/www.mesys.nl\/de\/produkte-und-dienstleistungen\/dienstleistungen\/"]}]},{"@type":"BreadcrumbList","@id":"https:\/\/www.mesys.nl\/de\/produkte-und-dienstleistungen\/dienstleistungen\/#breadcrumb","itemListElement":[{"@type":"ListItem","position":1,"name":"Home","item":"https:\/\/www.mesys.nl\/de\/"},{"@type":"ListItem","position":2,"name":"Produkte und Dienstleistungen","item":"https:\/\/www.mesys.nl\/de\/produkte-und-dienstleistungen\/"},{"@type":"ListItem","position":3,"name":"Dienstleistungen"}]},{"@type":"WebSite","@id":"https:\/\/www.mesys.nl\/#website","url":"https:\/\/www.mesys.nl\/","name":"Mesys Air Systems","description":"Air Systems BV","potentialAction":[{"@type":"SearchAction","target":{"@type":"EntryPoint","urlTemplate":"https:\/\/www.mesys.nl\/?s={search_term_string}"},"query-input":{"@type":"PropertyValueSpecification","valueRequired":true,"valueName":"search_term_string"}}],"inLanguage":"de"}]}},"_links":{"self":[{"href":"https:\/\/www.mesys.nl\/de\/wp-json\/wp\/v2\/pages\/1051","targetHints":{"allow":["GET"]}}],"collection":[{"href":"https:\/\/www.mesys.nl\/de\/wp-json\/wp\/v2\/pages"}],"about":[{"href":"https:\/\/www.mesys.nl\/de\/wp-json\/wp\/v2\/types\/page"}],"author":[{"embeddable":true,"href":"https:\/\/www.mesys.nl\/de\/wp-json\/wp\/v2\/users\/1"}],"replies":[{"embeddable":true,"href":"https:\/\/www.mesys.nl\/de\/wp-json\/wp\/v2\/comments?post=1051"}],"version-history":[{"count":1,"href":"https:\/\/www.mesys.nl\/de\/wp-json\/wp\/v2\/pages\/1051\/revisions"}],"predecessor-version":[{"id":1053,"href":"https:\/\/www.mesys.nl\/de\/wp-json\/wp\/v2\/pages\/1051\/revisions\/1053"}],"up":[{"embeddable":true,"href":"https:\/\/www.mesys.nl\/de\/wp-json\/wp\/v2\/pages\/1061"}],"wp:attachment":[{"href":"https:\/\/www.mesys.nl\/de\/wp-json\/wp\/v2\/media?parent=1051"}],"curies":[{"name":"wp","href":"https:\/\/api.w.org\/{rel}","templated":true}]}}