{"id":1061,"date":"2016-04-19T14:07:58","date_gmt":"2016-04-19T13:07:58","guid":{"rendered":"http:\/\/www.mesys.nl\/?page_id=1061&#038;lang=de"},"modified":"2016-04-19T14:07:58","modified_gmt":"2016-04-19T13:07:58","slug":"produkte-und-dienstleistungen","status":"publish","type":"page","link":"https:\/\/www.mesys.nl\/de\/produkte-und-dienstleistungen\/","title":{"rendered":"Produkte und Dienstleistungen"},"content":{"rendered":"<h1>Produkte<\/h1>\n<h3><strong>Abz\u00fcge<\/strong><\/h3>\n<p><img decoding=\"async\" class=\"wp-image-936 size-medium alignnone\" src=\"https:\/\/www.mesys.nl\/wp-content\/uploads\/2016\/04\/IMG_3637-1-225x300.jpg\" alt=\"mesys\" width=\"225\" height=\"300\" srcset=\"https:\/\/www.mesys.nl\/wp-content\/uploads\/2016\/04\/IMG_3637-1-225x300.jpg 225w, https:\/\/www.mesys.nl\/wp-content\/uploads\/2016\/04\/IMG_3637-1.jpg 768w\" sizes=\"(max-width: 225px) 100vw, 225px\" \/><br \/>\nMesys liefert Technologie nach Ma\u00df f\u00fcr jeden Staubemissionspunkt im Unternehmen.<\/p>\n<h3><strong>Leitungen<\/strong><\/h3>\n<p><img decoding=\"async\" class=\"wp-image-938 size-medium alignnone\" src=\"https:\/\/www.mesys.nl\/wp-content\/uploads\/2016\/04\/Leidingen-web-1-400x300.jpg\" alt=\"mesys\" width=\"400\" height=\"300\" srcset=\"https:\/\/www.mesys.nl\/wp-content\/uploads\/2016\/04\/Leidingen-web-1-400x300.jpg 400w, https:\/\/www.mesys.nl\/wp-content\/uploads\/2016\/04\/Leidingen-web-1.jpg 568w\" sizes=\"(max-width: 400px) 100vw, 400px\" \/><\/p>\n<p>Mesys plant, liefert und installiert Leitungen f\u00fcr den Lufttransport und garantiert deren dauerhafte Funktion innerhalb der vorgegebenen Grenzen.<\/p>\n<h3><strong>Filtertechnik<\/strong><\/h3>\n<p>Mesys ist der zuverl\u00e4ssige Partner f\u00fcr Auftraggeber im In- und Ausland f\u00fcr moderne Luftfilter- und Abscheidetechnik. Wir liefern zum Beispiel Fliehkraftabscheider, Trockenfilter, Nassabscheider sowie Elektro- und Biofilter.<\/p>\n<h3><strong>Fliehkraftabscheider<\/strong><\/h3>\n<p><img decoding=\"async\" class=\"size-full wp-image-789 alignnone\" src=\"https:\/\/www.mesys.nl\/wp-content\/uploads\/2016\/04\/profiltra-web.jpg\" alt=\"mesys\" width=\"292\" height=\"372\" srcset=\"https:\/\/www.mesys.nl\/wp-content\/uploads\/2016\/04\/profiltra-web.jpg 292w, https:\/\/www.mesys.nl\/wp-content\/uploads\/2016\/04\/profiltra-web-235x300.jpg 235w\" sizes=\"(max-width: 292px) 100vw, 292px\" \/><br \/>\nMesys entwirft, liefert und installiert alle Typen von Fliehkraftabscheidern (Zyklonen). Es handelt sich dabei um statische Apparate, bei denen sich der Reinigungseffekt durch die hohe Str\u00f6mungsgeschwindigkeit der Luft und die sich ergebende Zentrifugalkraft ergibt. Vor der Lieferung werden die Ger\u00e4te bei Mesys ausgiebig getestet.<\/p>\n<h3><strong>Trockenfilter<\/strong><\/h3>\n<p><img decoding=\"async\" class=\"wp-image-788 size-medium alignnone\" src=\"https:\/\/www.mesys.nl\/wp-content\/uploads\/2016\/04\/natwasser-kortemark-web-432x300.jpg\" alt=\"mesys\" width=\"432\" height=\"300\" srcset=\"https:\/\/www.mesys.nl\/wp-content\/uploads\/2016\/04\/natwasser-kortemark-web-432x300.jpg 432w, https:\/\/www.mesys.nl\/wp-content\/uploads\/2016\/04\/natwasser-kortemark-web.jpg 549w\" sizes=\"(max-width: 432px) 100vw, 432px\" \/><br \/>\nEine gute Alternative zur Trockenfilterung ist der Nassabscheider. Das Reinigungsprinzip beruht dabei auf dem Befeuchten der verunreinigten Luft, wodurch Staubteilchen an Wassertropfen h\u00e4ngenbleiben. Durch die Zentrifugalkraft wird das Wasser mit dem gebundenen Staub dann von der Luft getrennt. Die Experten von Mesys geben Ihnen gerne weitere Informationen.<\/p>\n<h3><strong>Elektrostatische Filter<\/strong><\/h3>\n<p>Bei einem elektrostatischen Filter werden die abzuscheidenden Teilchen an einer Aufladeelektrode elektrisch geladen und danach an einer Abscheideelektrode abgeschieden. Von dort kann der Staub durch Schl\u00e4ge oder Vibrationen entfernt und aufgefangen werden. Elektrostatische Filter eignen sich f\u00fcr spezielle Anwendungen, zum Beispiel in Anlagen f\u00fcr die zentrale Reinigung von Abgasen und in M\u00fcllverbrennungsanlagen. Auch die Reinigung von Rauchgasen ist eine verbreitete Anwendung. Die Spezialisten von Mesys kennen sich aus.<\/p>\n<h3><strong>Biofilter<\/strong><\/h3>\n<p><img decoding=\"async\" class=\"alignnone wp-image-705 size-medium\" src=\"https:\/\/www.mesys.nl\/wp-content\/uploads\/2015\/12\/Biobed-426x300.jpg\" alt=\"mesys\" width=\"426\" height=\"300\" srcset=\"https:\/\/www.mesys.nl\/wp-content\/uploads\/2015\/12\/Biobed-426x300.jpg 426w, https:\/\/www.mesys.nl\/wp-content\/uploads\/2015\/12\/Biobed-1024x722.jpg 1024w, https:\/\/www.mesys.nl\/wp-content\/uploads\/2015\/12\/Biobed.jpg 1600w\" sizes=\"(max-width: 426px) 100vw, 426px\" \/><\/p>\n<p>Mesys plant, liefert und installiert Biofilter. \u00dcblicherweise bestehen Biofilter aus einem mit zerkleinertem Wurzelholz gef\u00fcllten Beh\u00e4lter. \u00dcber dieses Filtermaterial wird eine Fl\u00fcssigkeit verspr\u00fcht, die in der Regel Bakterien enth\u00e4lt, die die Geruchskomponente im Gasstrom neutralisieren.<\/p>\n","protected":false},"excerpt":{"rendered":"<p>Produkte Abz\u00fcge Mesys liefert Technologie nach Ma\u00df f\u00fcr jeden Staubemissionspunkt im Unternehmen. Leitungen Mesys plant, liefert und installiert Leitungen f\u00fcr den Lufttransport und garantiert deren dauerhafte Funktion innerhalb der vorgegebenen Grenzen. Filtertechnik Mesys ist der zuverl\u00e4ssige Partner f\u00fcr Auftraggeber im In- und Ausland f\u00fcr moderne Luftfilter- und Abscheidetechnik. Wir liefern zum Beispiel Fliehkraftabscheider, Trockenfilter, Nassabscheider [&hellip;]<\/p>\n","protected":false},"author":1,"featured_media":0,"parent":0,"menu_order":0,"comment_status":"closed","ping_status":"closed","template":"","meta":{"_acf_changed":false,"_monsterinsights_skip_tracking":false,"_monsterinsights_sitenote_active":false,"_monsterinsights_sitenote_note":"","_monsterinsights_sitenote_category":0,"footnotes":""},"class_list":["post-1061","page","type-page","status-publish","hentry"],"acf":[],"yoast_head":"<!-- This site is optimized with the Yoast SEO plugin v27.4 - https:\/\/yoast.com\/product\/yoast-seo-wordpress\/ -->\n<title>Produkte und Dienstleistungen - Mesys Air Systems<\/title>\n<meta name=\"robots\" content=\"index, follow, max-snippet:-1, max-image-preview:large, max-video-preview:-1\" \/>\n<link rel=\"canonical\" href=\"https:\/\/www.mesys.nl\/de\/produkte-und-dienstleistungen\/\" \/>\n<meta property=\"og:locale\" content=\"de_DE\" \/>\n<meta property=\"og:type\" content=\"article\" \/>\n<meta property=\"og:title\" content=\"Produkte und Dienstleistungen - Mesys Air Systems\" \/>\n<meta property=\"og:description\" content=\"Produkte Abz\u00fcge Mesys liefert Technologie nach Ma\u00df f\u00fcr jeden Staubemissionspunkt im Unternehmen. Leitungen Mesys plant, liefert und installiert Leitungen f\u00fcr den Lufttransport und garantiert deren dauerhafte Funktion innerhalb der vorgegebenen Grenzen. Filtertechnik Mesys ist der zuverl\u00e4ssige Partner f\u00fcr Auftraggeber im In- und Ausland f\u00fcr moderne Luftfilter- und Abscheidetechnik. Wir liefern zum Beispiel Fliehkraftabscheider, Trockenfilter, Nassabscheider [&hellip;]\" \/>\n<meta property=\"og:url\" content=\"https:\/\/www.mesys.nl\/de\/produkte-und-dienstleistungen\/\" \/>\n<meta property=\"og:site_name\" content=\"Mesys Air Systems\" \/>\n<meta property=\"og:image\" content=\"https:\/\/www.mesys.nl\/wp-content\/uploads\/2016\/04\/IMG_3637-1-225x300.jpg\" \/>\n<meta name=\"twitter:label1\" content=\"Gesch\u00e4tzte Lesezeit\" \/>\n\t<meta name=\"twitter:data1\" content=\"1\u00a0Minute\" \/>\n<script type=\"application\/ld+json\" class=\"yoast-schema-graph\">{\"@context\":\"https:\\\/\\\/schema.org\",\"@graph\":[{\"@type\":\"WebPage\",\"@id\":\"https:\\\/\\\/www.mesys.nl\\\/de\\\/produkte-und-dienstleistungen\\\/\",\"url\":\"https:\\\/\\\/www.mesys.nl\\\/de\\\/produkte-und-dienstleistungen\\\/\",\"name\":\"Produkte und Dienstleistungen - Mesys Air Systems\",\"isPartOf\":{\"@id\":\"https:\\\/\\\/www.mesys.nl\\\/#website\"},\"primaryImageOfPage\":{\"@id\":\"https:\\\/\\\/www.mesys.nl\\\/de\\\/produkte-und-dienstleistungen\\\/#primaryimage\"},\"image\":{\"@id\":\"https:\\\/\\\/www.mesys.nl\\\/de\\\/produkte-und-dienstleistungen\\\/#primaryimage\"},\"thumbnailUrl\":\"https:\\\/\\\/www.mesys.nl\\\/wp-content\\\/uploads\\\/2016\\\/04\\\/IMG_3637-1-225x300.jpg\",\"datePublished\":\"2016-04-19T13:07:58+00:00\",\"breadcrumb\":{\"@id\":\"https:\\\/\\\/www.mesys.nl\\\/de\\\/produkte-und-dienstleistungen\\\/#breadcrumb\"},\"inLanguage\":\"de\",\"potentialAction\":[{\"@type\":\"ReadAction\",\"target\":[\"https:\\\/\\\/www.mesys.nl\\\/de\\\/produkte-und-dienstleistungen\\\/\"]}]},{\"@type\":\"ImageObject\",\"inLanguage\":\"de\",\"@id\":\"https:\\\/\\\/www.mesys.nl\\\/de\\\/produkte-und-dienstleistungen\\\/#primaryimage\",\"url\":\"https:\\\/\\\/www.mesys.nl\\\/wp-content\\\/uploads\\\/2016\\\/04\\\/IMG_3637-1-225x300.jpg\",\"contentUrl\":\"https:\\\/\\\/www.mesys.nl\\\/wp-content\\\/uploads\\\/2016\\\/04\\\/IMG_3637-1-225x300.jpg\"},{\"@type\":\"BreadcrumbList\",\"@id\":\"https:\\\/\\\/www.mesys.nl\\\/de\\\/produkte-und-dienstleistungen\\\/#breadcrumb\",\"itemListElement\":[{\"@type\":\"ListItem\",\"position\":1,\"name\":\"Home\",\"item\":\"https:\\\/\\\/www.mesys.nl\\\/de\\\/\"},{\"@type\":\"ListItem\",\"position\":2,\"name\":\"Produkte und Dienstleistungen\"}]},{\"@type\":\"WebSite\",\"@id\":\"https:\\\/\\\/www.mesys.nl\\\/#website\",\"url\":\"https:\\\/\\\/www.mesys.nl\\\/\",\"name\":\"Mesys Air Systems\",\"description\":\"Air Systems BV\",\"potentialAction\":[{\"@type\":\"SearchAction\",\"target\":{\"@type\":\"EntryPoint\",\"urlTemplate\":\"https:\\\/\\\/www.mesys.nl\\\/?s={search_term_string}\"},\"query-input\":{\"@type\":\"PropertyValueSpecification\",\"valueRequired\":true,\"valueName\":\"search_term_string\"}}],\"inLanguage\":\"de\"}]}<\/script>\n<!-- \/ Yoast SEO plugin. -->","yoast_head_json":{"title":"Produkte und Dienstleistungen - Mesys Air Systems","robots":{"index":"index","follow":"follow","max-snippet":"max-snippet:-1","max-image-preview":"max-image-preview:large","max-video-preview":"max-video-preview:-1"},"canonical":"https:\/\/www.mesys.nl\/de\/produkte-und-dienstleistungen\/","og_locale":"de_DE","og_type":"article","og_title":"Produkte und Dienstleistungen - Mesys Air Systems","og_description":"Produkte Abz\u00fcge Mesys liefert Technologie nach Ma\u00df f\u00fcr jeden Staubemissionspunkt im Unternehmen. Leitungen Mesys plant, liefert und installiert Leitungen f\u00fcr den Lufttransport und garantiert deren dauerhafte Funktion innerhalb der vorgegebenen Grenzen. Filtertechnik Mesys ist der zuverl\u00e4ssige Partner f\u00fcr Auftraggeber im In- und Ausland f\u00fcr moderne Luftfilter- und Abscheidetechnik. Wir liefern zum Beispiel Fliehkraftabscheider, Trockenfilter, Nassabscheider [&hellip;]","og_url":"https:\/\/www.mesys.nl\/de\/produkte-und-dienstleistungen\/","og_site_name":"Mesys Air Systems","og_image":[{"url":"https:\/\/www.mesys.nl\/wp-content\/uploads\/2016\/04\/IMG_3637-1-225x300.jpg","type":"","width":"","height":""}],"twitter_misc":{"Gesch\u00e4tzte Lesezeit":"1\u00a0Minute"},"schema":{"@context":"https:\/\/schema.org","@graph":[{"@type":"WebPage","@id":"https:\/\/www.mesys.nl\/de\/produkte-und-dienstleistungen\/","url":"https:\/\/www.mesys.nl\/de\/produkte-und-dienstleistungen\/","name":"Produkte und Dienstleistungen - Mesys Air Systems","isPartOf":{"@id":"https:\/\/www.mesys.nl\/#website"},"primaryImageOfPage":{"@id":"https:\/\/www.mesys.nl\/de\/produkte-und-dienstleistungen\/#primaryimage"},"image":{"@id":"https:\/\/www.mesys.nl\/de\/produkte-und-dienstleistungen\/#primaryimage"},"thumbnailUrl":"https:\/\/www.mesys.nl\/wp-content\/uploads\/2016\/04\/IMG_3637-1-225x300.jpg","datePublished":"2016-04-19T13:07:58+00:00","breadcrumb":{"@id":"https:\/\/www.mesys.nl\/de\/produkte-und-dienstleistungen\/#breadcrumb"},"inLanguage":"de","potentialAction":[{"@type":"ReadAction","target":["https:\/\/www.mesys.nl\/de\/produkte-und-dienstleistungen\/"]}]},{"@type":"ImageObject","inLanguage":"de","@id":"https:\/\/www.mesys.nl\/de\/produkte-und-dienstleistungen\/#primaryimage","url":"https:\/\/www.mesys.nl\/wp-content\/uploads\/2016\/04\/IMG_3637-1-225x300.jpg","contentUrl":"https:\/\/www.mesys.nl\/wp-content\/uploads\/2016\/04\/IMG_3637-1-225x300.jpg"},{"@type":"BreadcrumbList","@id":"https:\/\/www.mesys.nl\/de\/produkte-und-dienstleistungen\/#breadcrumb","itemListElement":[{"@type":"ListItem","position":1,"name":"Home","item":"https:\/\/www.mesys.nl\/de\/"},{"@type":"ListItem","position":2,"name":"Produkte und Dienstleistungen"}]},{"@type":"WebSite","@id":"https:\/\/www.mesys.nl\/#website","url":"https:\/\/www.mesys.nl\/","name":"Mesys Air Systems","description":"Air Systems BV","potentialAction":[{"@type":"SearchAction","target":{"@type":"EntryPoint","urlTemplate":"https:\/\/www.mesys.nl\/?s={search_term_string}"},"query-input":{"@type":"PropertyValueSpecification","valueRequired":true,"valueName":"search_term_string"}}],"inLanguage":"de"}]}},"_links":{"self":[{"href":"https:\/\/www.mesys.nl\/de\/wp-json\/wp\/v2\/pages\/1061","targetHints":{"allow":["GET"]}}],"collection":[{"href":"https:\/\/www.mesys.nl\/de\/wp-json\/wp\/v2\/pages"}],"about":[{"href":"https:\/\/www.mesys.nl\/de\/wp-json\/wp\/v2\/types\/page"}],"author":[{"embeddable":true,"href":"https:\/\/www.mesys.nl\/de\/wp-json\/wp\/v2\/users\/1"}],"replies":[{"embeddable":true,"href":"https:\/\/www.mesys.nl\/de\/wp-json\/wp\/v2\/comments?post=1061"}],"version-history":[{"count":1,"href":"https:\/\/www.mesys.nl\/de\/wp-json\/wp\/v2\/pages\/1061\/revisions"}],"predecessor-version":[{"id":1062,"href":"https:\/\/www.mesys.nl\/de\/wp-json\/wp\/v2\/pages\/1061\/revisions\/1062"}],"wp:attachment":[{"href":"https:\/\/www.mesys.nl\/de\/wp-json\/wp\/v2\/media?parent=1061"}],"curies":[{"name":"wp","href":"https:\/\/api.w.org\/{rel}","templated":true}]}}