{"id":872,"date":"2016-04-18T08:17:08","date_gmt":"2016-04-18T07:17:08","guid":{"rendered":"http:\/\/www.mesys.nl\/?page_id=872&#038;lang=de"},"modified":"2016-04-18T08:36:21","modified_gmt":"2016-04-18T07:36:21","slug":"unternehmensprofil","status":"publish","type":"page","link":"https:\/\/www.mesys.nl\/de\/unternehmensprofil\/","title":{"rendered":"Unternehmensprofil"},"content":{"rendered":"<h1>Homepage Mesys<\/h1>\n<p><img decoding=\"async\" class=\"size-full wp-image-889 alignnone\" src=\"https:\/\/www.mesys.nl\/wp-content\/uploads\/2016\/04\/machineimg.jpg\" alt=\"mesys\" width=\"590\" height=\"280\" srcset=\"https:\/\/www.mesys.nl\/wp-content\/uploads\/2016\/04\/machineimg.jpg 590w, https:\/\/www.mesys.nl\/wp-content\/uploads\/2016\/04\/machineimg-500x237.jpg 500w\" sizes=\"(max-width: 590px) 100vw, 590px\" \/><\/p>\n<p>Herzlich willkommen auf der Website von Mesys, der Spezialist aus dem niederl\u00e4ndischen Herwen auf dem Gebiet der Entstaubungs- und Filtertechnik f\u00fcr Gro\u00df- und Kleinproduzenten in der Sch\u00fcttgutindustrie. Saubere Luft ist unser Thema: Wir planen, bauen und installieren komplette Absaugsysteme, die f\u00fcr optimale Luftqualit\u00e4t am Arbeitsplatz und die Umgebung garantieren. Unsere L\u00f6sungen sind langlebig und zukunftssicher.<\/p>\n<p>Wir bieten nicht nur vollst\u00e4ndig neue Anlagen nach Ma\u00df, sondern beraten Sie auch gerne sachkundig \u00fcber Ihre bestehenden Absaugsysteme und bringen diese wo n\u00f6tig und m\u00f6glich wieder in Ordnung. Die meisten unsere Kunden haben mit uns einen Servicevertrag geschlossen, der daf\u00fcr sorgt, dass ihre Anlagen stets in einem hervorragenden Zustand sind.<\/p>\n<p>Mesys steht seinen Kunden rund um die Uhr und an jedem Tag der Woche zur Verf\u00fcgung.<\/p>\n","protected":false},"excerpt":{"rendered":"<p>Homepage Mesys Herzlich willkommen auf der Website von Mesys, der Spezialist aus dem niederl\u00e4ndischen Herwen auf dem Gebiet der Entstaubungs- und Filtertechnik f\u00fcr Gro\u00df- und Kleinproduzenten in der Sch\u00fcttgutindustrie. Saubere Luft ist unser Thema: Wir planen, bauen und installieren komplette Absaugsysteme, die f\u00fcr optimale Luftqualit\u00e4t am Arbeitsplatz und die Umgebung garantieren. Unsere L\u00f6sungen sind langlebig [&hellip;]<\/p>\n","protected":false},"author":1,"featured_media":0,"parent":0,"menu_order":0,"comment_status":"closed","ping_status":"closed","template":"","meta":{"_acf_changed":false,"_monsterinsights_skip_tracking":false,"_monsterinsights_sitenote_active":false,"_monsterinsights_sitenote_note":"","_monsterinsights_sitenote_category":0,"footnotes":""},"class_list":["post-872","page","type-page","status-publish","hentry"],"acf":[],"yoast_head":"<!-- This site is optimized with the Yoast SEO plugin v27.4 - https:\/\/yoast.com\/product\/yoast-seo-wordpress\/ -->\n<title>Unternehmensprofil - Mesys Air Systems<\/title>\n<meta name=\"robots\" content=\"index, follow, max-snippet:-1, max-image-preview:large, max-video-preview:-1\" \/>\n<link rel=\"canonical\" href=\"https:\/\/www.mesys.nl\/de\/unternehmensprofil\/\" \/>\n<meta property=\"og:locale\" content=\"de_DE\" \/>\n<meta property=\"og:type\" content=\"article\" \/>\n<meta property=\"og:title\" content=\"Unternehmensprofil - Mesys Air Systems\" \/>\n<meta property=\"og:description\" content=\"Homepage Mesys Herzlich willkommen auf der Website von Mesys, der Spezialist aus dem niederl\u00e4ndischen Herwen auf dem Gebiet der Entstaubungs- und Filtertechnik f\u00fcr Gro\u00df- und Kleinproduzenten in der Sch\u00fcttgutindustrie. Saubere Luft ist unser Thema: Wir planen, bauen und installieren komplette Absaugsysteme, die f\u00fcr optimale Luftqualit\u00e4t am Arbeitsplatz und die Umgebung garantieren. Unsere L\u00f6sungen sind langlebig [&hellip;]\" \/>\n<meta property=\"og:url\" content=\"https:\/\/www.mesys.nl\/de\/unternehmensprofil\/\" \/>\n<meta property=\"og:site_name\" content=\"Mesys Air Systems\" \/>\n<meta property=\"article:modified_time\" content=\"2016-04-18T07:36:21+00:00\" \/>\n<meta property=\"og:image\" content=\"https:\/\/www.mesys.nl\/wp-content\/uploads\/2016\/04\/machineimg.jpg\" \/>\n<meta name=\"twitter:label1\" content=\"Gesch\u00e4tzte Lesezeit\" \/>\n\t<meta name=\"twitter:data1\" content=\"1\u00a0Minute\" \/>\n<script type=\"application\/ld+json\" class=\"yoast-schema-graph\">{\"@context\":\"https:\\\/\\\/schema.org\",\"@graph\":[{\"@type\":\"WebPage\",\"@id\":\"https:\\\/\\\/www.mesys.nl\\\/de\\\/unternehmensprofil\\\/\",\"url\":\"https:\\\/\\\/www.mesys.nl\\\/de\\\/unternehmensprofil\\\/\",\"name\":\"Unternehmensprofil - Mesys Air Systems\",\"isPartOf\":{\"@id\":\"https:\\\/\\\/www.mesys.nl\\\/#website\"},\"primaryImageOfPage\":{\"@id\":\"https:\\\/\\\/www.mesys.nl\\\/de\\\/unternehmensprofil\\\/#primaryimage\"},\"image\":{\"@id\":\"https:\\\/\\\/www.mesys.nl\\\/de\\\/unternehmensprofil\\\/#primaryimage\"},\"thumbnailUrl\":\"https:\\\/\\\/www.mesys.nl\\\/wp-content\\\/uploads\\\/2016\\\/04\\\/machineimg.jpg\",\"datePublished\":\"2016-04-18T07:17:08+00:00\",\"dateModified\":\"2016-04-18T07:36:21+00:00\",\"breadcrumb\":{\"@id\":\"https:\\\/\\\/www.mesys.nl\\\/de\\\/unternehmensprofil\\\/#breadcrumb\"},\"inLanguage\":\"de\",\"potentialAction\":[{\"@type\":\"ReadAction\",\"target\":[\"https:\\\/\\\/www.mesys.nl\\\/de\\\/unternehmensprofil\\\/\"]}]},{\"@type\":\"ImageObject\",\"inLanguage\":\"de\",\"@id\":\"https:\\\/\\\/www.mesys.nl\\\/de\\\/unternehmensprofil\\\/#primaryimage\",\"url\":\"https:\\\/\\\/www.mesys.nl\\\/wp-content\\\/uploads\\\/2016\\\/04\\\/machineimg.jpg\",\"contentUrl\":\"https:\\\/\\\/www.mesys.nl\\\/wp-content\\\/uploads\\\/2016\\\/04\\\/machineimg.jpg\"},{\"@type\":\"BreadcrumbList\",\"@id\":\"https:\\\/\\\/www.mesys.nl\\\/de\\\/unternehmensprofil\\\/#breadcrumb\",\"itemListElement\":[{\"@type\":\"ListItem\",\"position\":1,\"name\":\"Home\",\"item\":\"https:\\\/\\\/www.mesys.nl\\\/de\\\/\"},{\"@type\":\"ListItem\",\"position\":2,\"name\":\"Unternehmensprofil\"}]},{\"@type\":\"WebSite\",\"@id\":\"https:\\\/\\\/www.mesys.nl\\\/#website\",\"url\":\"https:\\\/\\\/www.mesys.nl\\\/\",\"name\":\"Mesys Air Systems\",\"description\":\"Air Systems BV\",\"potentialAction\":[{\"@type\":\"SearchAction\",\"target\":{\"@type\":\"EntryPoint\",\"urlTemplate\":\"https:\\\/\\\/www.mesys.nl\\\/?s={search_term_string}\"},\"query-input\":{\"@type\":\"PropertyValueSpecification\",\"valueRequired\":true,\"valueName\":\"search_term_string\"}}],\"inLanguage\":\"de\"}]}<\/script>\n<!-- \/ Yoast SEO plugin. -->","yoast_head_json":{"title":"Unternehmensprofil - Mesys Air Systems","robots":{"index":"index","follow":"follow","max-snippet":"max-snippet:-1","max-image-preview":"max-image-preview:large","max-video-preview":"max-video-preview:-1"},"canonical":"https:\/\/www.mesys.nl\/de\/unternehmensprofil\/","og_locale":"de_DE","og_type":"article","og_title":"Unternehmensprofil - Mesys Air Systems","og_description":"Homepage Mesys Herzlich willkommen auf der Website von Mesys, der Spezialist aus dem niederl\u00e4ndischen Herwen auf dem Gebiet der Entstaubungs- und Filtertechnik f\u00fcr Gro\u00df- und Kleinproduzenten in der Sch\u00fcttgutindustrie. Saubere Luft ist unser Thema: Wir planen, bauen und installieren komplette Absaugsysteme, die f\u00fcr optimale Luftqualit\u00e4t am Arbeitsplatz und die Umgebung garantieren. Unsere L\u00f6sungen sind langlebig [&hellip;]","og_url":"https:\/\/www.mesys.nl\/de\/unternehmensprofil\/","og_site_name":"Mesys Air Systems","article_modified_time":"2016-04-18T07:36:21+00:00","og_image":[{"url":"https:\/\/www.mesys.nl\/wp-content\/uploads\/2016\/04\/machineimg.jpg","type":"","width":"","height":""}],"twitter_misc":{"Gesch\u00e4tzte Lesezeit":"1\u00a0Minute"},"schema":{"@context":"https:\/\/schema.org","@graph":[{"@type":"WebPage","@id":"https:\/\/www.mesys.nl\/de\/unternehmensprofil\/","url":"https:\/\/www.mesys.nl\/de\/unternehmensprofil\/","name":"Unternehmensprofil - Mesys Air Systems","isPartOf":{"@id":"https:\/\/www.mesys.nl\/#website"},"primaryImageOfPage":{"@id":"https:\/\/www.mesys.nl\/de\/unternehmensprofil\/#primaryimage"},"image":{"@id":"https:\/\/www.mesys.nl\/de\/unternehmensprofil\/#primaryimage"},"thumbnailUrl":"https:\/\/www.mesys.nl\/wp-content\/uploads\/2016\/04\/machineimg.jpg","datePublished":"2016-04-18T07:17:08+00:00","dateModified":"2016-04-18T07:36:21+00:00","breadcrumb":{"@id":"https:\/\/www.mesys.nl\/de\/unternehmensprofil\/#breadcrumb"},"inLanguage":"de","potentialAction":[{"@type":"ReadAction","target":["https:\/\/www.mesys.nl\/de\/unternehmensprofil\/"]}]},{"@type":"ImageObject","inLanguage":"de","@id":"https:\/\/www.mesys.nl\/de\/unternehmensprofil\/#primaryimage","url":"https:\/\/www.mesys.nl\/wp-content\/uploads\/2016\/04\/machineimg.jpg","contentUrl":"https:\/\/www.mesys.nl\/wp-content\/uploads\/2016\/04\/machineimg.jpg"},{"@type":"BreadcrumbList","@id":"https:\/\/www.mesys.nl\/de\/unternehmensprofil\/#breadcrumb","itemListElement":[{"@type":"ListItem","position":1,"name":"Home","item":"https:\/\/www.mesys.nl\/de\/"},{"@type":"ListItem","position":2,"name":"Unternehmensprofil"}]},{"@type":"WebSite","@id":"https:\/\/www.mesys.nl\/#website","url":"https:\/\/www.mesys.nl\/","name":"Mesys Air Systems","description":"Air Systems BV","potentialAction":[{"@type":"SearchAction","target":{"@type":"EntryPoint","urlTemplate":"https:\/\/www.mesys.nl\/?s={search_term_string}"},"query-input":{"@type":"PropertyValueSpecification","valueRequired":true,"valueName":"search_term_string"}}],"inLanguage":"de"}]}},"_links":{"self":[{"href":"https:\/\/www.mesys.nl\/de\/wp-json\/wp\/v2\/pages\/872","targetHints":{"allow":["GET"]}}],"collection":[{"href":"https:\/\/www.mesys.nl\/de\/wp-json\/wp\/v2\/pages"}],"about":[{"href":"https:\/\/www.mesys.nl\/de\/wp-json\/wp\/v2\/types\/page"}],"author":[{"embeddable":true,"href":"https:\/\/www.mesys.nl\/de\/wp-json\/wp\/v2\/users\/1"}],"replies":[{"embeddable":true,"href":"https:\/\/www.mesys.nl\/de\/wp-json\/wp\/v2\/comments?post=872"}],"version-history":[{"count":5,"href":"https:\/\/www.mesys.nl\/de\/wp-json\/wp\/v2\/pages\/872\/revisions"}],"predecessor-version":[{"id":890,"href":"https:\/\/www.mesys.nl\/de\/wp-json\/wp\/v2\/pages\/872\/revisions\/890"}],"wp:attachment":[{"href":"https:\/\/www.mesys.nl\/de\/wp-json\/wp\/v2\/media?parent=872"}],"curies":[{"name":"wp","href":"https:\/\/api.w.org\/{rel}","templated":true}]}}