{"id":887,"date":"2016-04-18T08:30:15","date_gmt":"2016-04-18T07:30:15","guid":{"rendered":"http:\/\/www.mesys.nl\/?page_id=887&#038;lang=de"},"modified":"2019-09-30T08:56:52","modified_gmt":"2019-09-30T07:56:52","slug":"taetigkeitsbereich","status":"publish","type":"page","link":"https:\/\/www.mesys.nl\/de\/unternehmensprofil\/taetigkeitsbereich\/","title":{"rendered":"T\u00e4tigkeitsbereich"},"content":{"rendered":"<h1>T\u00e4tigkeitsbereich<\/h1>\n<h3><strong>Angebot<\/strong><\/h3>\n<p><img decoding=\"async\" class=\"alignleft wp-image-873 size-medium\" src=\"https:\/\/www.mesys.nl\/wp-content\/uploads\/2016\/04\/Aanbod-klein-394x300.jpg\" alt=\"mesys\" width=\"394\" height=\"300\" srcset=\"https:\/\/www.mesys.nl\/wp-content\/uploads\/2016\/04\/Aanbod-klein-394x300.jpg 394w, https:\/\/www.mesys.nl\/wp-content\/uploads\/2016\/04\/Aanbod-klein-768x584.jpg 768w, https:\/\/www.mesys.nl\/wp-content\/uploads\/2016\/04\/Aanbod-klein.jpg 877w\" sizes=\"(max-width: 394px) 100vw, 394px\" \/><br \/>\nMesys plant, liefert und installiert komplette Anlagen mit Funktionsgarantie. Es handelt sich dabei insbesondere um Anlagen f\u00fcr die gesamte massen-\/sch\u00fcttgutverarbeitende Industrie. Beispiele sind Unternehmen, die mit Stoffen wie Tabak, Steinkohle, Mineralwolle, Kunststoff, Ton, Sand oder Abfall arbeiten.<\/p>\n<p>&nbsp;<\/p>\n<p>&nbsp;<\/p>\n<p>&nbsp;<\/p>\n<p>&nbsp;<\/p>\n<h3><strong>L\u00f6sungsorientierter Ansatz<\/strong><\/h3>\n<p><strong><img decoding=\"async\" class=\"alignright wp-image-876 size-medium\" src=\"https:\/\/www.mesys.nl\/wp-content\/uploads\/2016\/04\/Oplossingsgericht-klein-429x300.jpg\" alt=\"mesys\" width=\"429\" height=\"300\" srcset=\"https:\/\/www.mesys.nl\/wp-content\/uploads\/2016\/04\/Oplossingsgericht-klein-429x300.jpg 429w, https:\/\/www.mesys.nl\/wp-content\/uploads\/2016\/04\/Oplossingsgericht-klein-768x537.jpg 768w, https:\/\/www.mesys.nl\/wp-content\/uploads\/2016\/04\/Oplossingsgericht-klein.jpg 877w\" sizes=\"(max-width: 429px) 100vw, 429px\" \/><\/strong><br \/>\nMesys Gesch\u00e4ft ist Luft. Saubere Luft. Luft ist jedoch ein komplizierter Stoff. Verunreinigte Luft kann zur Plage werden. Gleich, ob es um Staub, Ger\u00fcche oder Gase geht: Der Gesetzgeber verpflichtet Unternehmen zur Einhaltung der Grenz- und Emissionswerte in ihren Fertigungsprozessen. Mesys gibt seinen Auftraggebern die Garantie, dass die Luftqualit\u00e4t allen Vorschriften entspricht, am Arbeitsplatz genauso wie in der Luft, die aus dem Schornstein kommt.<\/p>\n<p>Durch unsere langj\u00e4hrige Erfahrung kennen wir die Herausforderungen, denen Unternehmen kontinuierlich gegen\u00fcberstehen. Wir bieten L\u00f6sungen, mit denen unsere Kunden heute und in der Zukunft die strengen Gesetze und Vorschriften einhalten k\u00f6nnen.<\/p>\n<h3><\/h3>\n<h3><strong>Langlebigkeit<\/strong><\/h3>\n<p><img decoding=\"async\" class=\"wp-image-880 size-medium alignleft\" src=\"https:\/\/www.mesys.nl\/wp-content\/uploads\/2016\/04\/Duurzaam-klein-200x300.jpg\" alt=\"mesys\" width=\"200\" height=\"300\" srcset=\"https:\/\/www.mesys.nl\/wp-content\/uploads\/2016\/04\/Duurzaam-klein-200x300.jpg 200w, https:\/\/www.mesys.nl\/wp-content\/uploads\/2016\/04\/Duurzaam-klein.jpg 586w\" sizes=\"(max-width: 200px) 100vw, 200px\" \/><br \/>\nMesys bietet langlebige L\u00f6sungen auf dem Gebiet der Lufttechnik. Vor allem anderen jedoch verkauft Mesys Ergebnisse. Unternehmen sind verpflichtet, bei der Fertigung die geltenden Emissionsnormen einzuhalten. Wir garantieren mit unseren Systemen, dass Sie diese Normen erf\u00fcllen. Mesys geht deshalb viel weiter als nur Filterkomponenten oder komplette Anlagen zu liefern: Unsere Dienstleistung beginnt beim Fertigungsprozess unseres Auftraggebers.<\/p>\n<p>Langlebige L\u00f6sungen liegen h\u00e4ufig in der Funktionsweise des Maschinenparks unserer Kunden. Beginnend bei der ersten unabh\u00e4ngigen Messung bis zur fertigen L\u00f6sung nach Ma\u00df bietet Mesys Beratung, Planung, Herstellung, Montage und Wartung unter einem Dach.<\/p>\n<h3><\/h3>\n<h3><\/h3>\n<h3><\/h3>\n<h3><\/h3>\n<h3><strong>Zukunftssicherhei<\/strong><\/h3>\n<p>Mesys ist ein unabh\u00e4ngiger und marken\u00fcbergreifender Anbieter mit klaren Richtlinien. Wir sind nach SCA-Petrochemie zertifiziert. Wir\u00a0richten unseren Blick stets in die Zukunft, denn eine heute gew\u00e4hlte L\u00f6sung muss viele Jahre effizient arbeiten. Wir <img decoding=\"async\" class=\"alignright wp-image-1201\" style=\"background-color: transparent; color: #333333; float: right; font-family: Georgia,&amp;quot; times new roman&amp;quot;,&amp;quot;bitstream charter&amp;quot;,times,serif; font-size: 16px; font-style: normal; font-variant: normal; font-weight: 400; height: 117.96px; letter-spacing: normal; max-width: 996px; orphans: 2; outline-color: #72777c; outline-style: solid; outline-width: 1px; text-align: left; text-decoration: none; text-indent: 0px; text-transform: none; -webkit-text-stroke-width: 0px; white-space: normal; word-spacing: 0px; margin: 8px 0px 8px 16px;\" src=\"https:\/\/www.mesys.nl\/wp-content\/uploads\/2019\/07\/9108651430_1008753.jpg\" sizes=\"(max-width: 233px) 100vw, 233px\" alt=\"\" width=\"233\" height=\"118\" srcset=\"https:\/\/www.mesys.nl\/wp-content\/uploads\/2019\/07\/9108651430_1008753.jpg 717w, https:\/\/www.mesys.nl\/wp-content\/uploads\/2019\/07\/9108651430_1008753-500x253.jpg 500w\" \/>entscheiden uns daher bei der Realisierung unserer wartungsfreundlichen Konzepte bewusst f\u00fcr qualitativ hochwertige Komponenten. Dabei haben wir w\u00e4hrend und nach der Lieferung die Kosten stets genau im Blick. Auch die W\u00fcnsche der Mitarbeiter unserer Auftraggeber, die letztendlich mit unseren L\u00f6sungen allt\u00e4glich arbeiten m\u00fcssen, haben f\u00fcr uns einen\u00a0gro\u00dfen Stellenwert. Beim Entwurf eines Mesys-Systems steht der Mensch im Mittelpunkt. Nur so k\u00f6nnen wir unseren Kunden l\u00f6sungsorientiert zu Diensten sein und langlebige, zukunftssichere Lufttechnik anbieten.<\/p>\n","protected":false},"excerpt":{"rendered":"<p>T\u00e4tigkeitsbereich Angebot Mesys plant, liefert und installiert komplette Anlagen mit Funktionsgarantie. Es handelt sich dabei insbesondere um Anlagen f\u00fcr die gesamte massen-\/sch\u00fcttgutverarbeitende Industrie. Beispiele sind Unternehmen, die mit Stoffen wie Tabak, Steinkohle, Mineralwolle, Kunststoff, Ton, Sand oder Abfall arbeiten. &nbsp; &nbsp; &nbsp; &nbsp; L\u00f6sungsorientierter Ansatz Mesys Gesch\u00e4ft ist Luft. Saubere Luft. Luft ist jedoch ein [&hellip;]<\/p>\n","protected":false},"author":1,"featured_media":0,"parent":872,"menu_order":0,"comment_status":"closed","ping_status":"closed","template":"","meta":{"_acf_changed":false,"_monsterinsights_skip_tracking":false,"_monsterinsights_sitenote_active":false,"_monsterinsights_sitenote_note":"","_monsterinsights_sitenote_category":0,"footnotes":""},"class_list":["post-887","page","type-page","status-publish","hentry"],"acf":[],"yoast_head":"<!-- This site is optimized with the Yoast SEO plugin v27.3 - https:\/\/yoast.com\/product\/yoast-seo-wordpress\/ -->\n<title>T\u00e4tigkeitsbereich - Mesys Air Systems<\/title>\n<meta name=\"robots\" content=\"index, follow, max-snippet:-1, max-image-preview:large, max-video-preview:-1\" \/>\n<link rel=\"canonical\" href=\"https:\/\/www.mesys.nl\/de\/unternehmensprofil\/taetigkeitsbereich\/\" \/>\n<meta property=\"og:locale\" content=\"de_DE\" \/>\n<meta property=\"og:type\" content=\"article\" \/>\n<meta property=\"og:title\" content=\"T\u00e4tigkeitsbereich - Mesys Air Systems\" \/>\n<meta property=\"og:description\" content=\"T\u00e4tigkeitsbereich Angebot Mesys plant, liefert und installiert komplette Anlagen mit Funktionsgarantie. Es handelt sich dabei insbesondere um Anlagen f\u00fcr die gesamte massen-\/sch\u00fcttgutverarbeitende Industrie. Beispiele sind Unternehmen, die mit Stoffen wie Tabak, Steinkohle, Mineralwolle, Kunststoff, Ton, Sand oder Abfall arbeiten. &nbsp; &nbsp; &nbsp; &nbsp; L\u00f6sungsorientierter Ansatz Mesys Gesch\u00e4ft ist Luft. Saubere Luft. Luft ist jedoch ein [&hellip;]\" \/>\n<meta property=\"og:url\" content=\"https:\/\/www.mesys.nl\/de\/unternehmensprofil\/taetigkeitsbereich\/\" \/>\n<meta property=\"og:site_name\" content=\"Mesys Air Systems\" \/>\n<meta property=\"article:modified_time\" content=\"2019-09-30T07:56:52+00:00\" \/>\n<meta property=\"og:image\" content=\"https:\/\/www.mesys.nl\/wp-content\/uploads\/2016\/04\/Aanbod-klein-394x300.jpg\" \/>\n<meta name=\"twitter:label1\" content=\"Gesch\u00e4tzte Lesezeit\" \/>\n\t<meta name=\"twitter:data1\" content=\"2\u00a0Minuten\" \/>\n<script type=\"application\/ld+json\" class=\"yoast-schema-graph\">{\"@context\":\"https:\\\/\\\/schema.org\",\"@graph\":[{\"@type\":\"WebPage\",\"@id\":\"https:\\\/\\\/www.mesys.nl\\\/de\\\/unternehmensprofil\\\/taetigkeitsbereich\\\/\",\"url\":\"https:\\\/\\\/www.mesys.nl\\\/de\\\/unternehmensprofil\\\/taetigkeitsbereich\\\/\",\"name\":\"T\u00e4tigkeitsbereich - Mesys Air Systems\",\"isPartOf\":{\"@id\":\"https:\\\/\\\/www.mesys.nl\\\/#website\"},\"primaryImageOfPage\":{\"@id\":\"https:\\\/\\\/www.mesys.nl\\\/de\\\/unternehmensprofil\\\/taetigkeitsbereich\\\/#primaryimage\"},\"image\":{\"@id\":\"https:\\\/\\\/www.mesys.nl\\\/de\\\/unternehmensprofil\\\/taetigkeitsbereich\\\/#primaryimage\"},\"thumbnailUrl\":\"https:\\\/\\\/www.mesys.nl\\\/wp-content\\\/uploads\\\/2016\\\/04\\\/Aanbod-klein-394x300.jpg\",\"datePublished\":\"2016-04-18T07:30:15+00:00\",\"dateModified\":\"2019-09-30T07:56:52+00:00\",\"breadcrumb\":{\"@id\":\"https:\\\/\\\/www.mesys.nl\\\/de\\\/unternehmensprofil\\\/taetigkeitsbereich\\\/#breadcrumb\"},\"inLanguage\":\"de\",\"potentialAction\":[{\"@type\":\"ReadAction\",\"target\":[\"https:\\\/\\\/www.mesys.nl\\\/de\\\/unternehmensprofil\\\/taetigkeitsbereich\\\/\"]}]},{\"@type\":\"ImageObject\",\"inLanguage\":\"de\",\"@id\":\"https:\\\/\\\/www.mesys.nl\\\/de\\\/unternehmensprofil\\\/taetigkeitsbereich\\\/#primaryimage\",\"url\":\"https:\\\/\\\/www.mesys.nl\\\/wp-content\\\/uploads\\\/2016\\\/04\\\/Aanbod-klein-394x300.jpg\",\"contentUrl\":\"https:\\\/\\\/www.mesys.nl\\\/wp-content\\\/uploads\\\/2016\\\/04\\\/Aanbod-klein-394x300.jpg\"},{\"@type\":\"BreadcrumbList\",\"@id\":\"https:\\\/\\\/www.mesys.nl\\\/de\\\/unternehmensprofil\\\/taetigkeitsbereich\\\/#breadcrumb\",\"itemListElement\":[{\"@type\":\"ListItem\",\"position\":1,\"name\":\"Home\",\"item\":\"https:\\\/\\\/www.mesys.nl\\\/de\\\/\"},{\"@type\":\"ListItem\",\"position\":2,\"name\":\"Unternehmensprofil\",\"item\":\"https:\\\/\\\/www.mesys.nl\\\/de\\\/unternehmensprofil\\\/\"},{\"@type\":\"ListItem\",\"position\":3,\"name\":\"T\u00e4tigkeitsbereich\"}]},{\"@type\":\"WebSite\",\"@id\":\"https:\\\/\\\/www.mesys.nl\\\/#website\",\"url\":\"https:\\\/\\\/www.mesys.nl\\\/\",\"name\":\"Mesys Air Systems\",\"description\":\"Air Systems BV\",\"potentialAction\":[{\"@type\":\"SearchAction\",\"target\":{\"@type\":\"EntryPoint\",\"urlTemplate\":\"https:\\\/\\\/www.mesys.nl\\\/?s={search_term_string}\"},\"query-input\":{\"@type\":\"PropertyValueSpecification\",\"valueRequired\":true,\"valueName\":\"search_term_string\"}}],\"inLanguage\":\"de\"}]}<\/script>\n<!-- \/ Yoast SEO plugin. -->","yoast_head_json":{"title":"T\u00e4tigkeitsbereich - Mesys Air Systems","robots":{"index":"index","follow":"follow","max-snippet":"max-snippet:-1","max-image-preview":"max-image-preview:large","max-video-preview":"max-video-preview:-1"},"canonical":"https:\/\/www.mesys.nl\/de\/unternehmensprofil\/taetigkeitsbereich\/","og_locale":"de_DE","og_type":"article","og_title":"T\u00e4tigkeitsbereich - Mesys Air Systems","og_description":"T\u00e4tigkeitsbereich Angebot Mesys plant, liefert und installiert komplette Anlagen mit Funktionsgarantie. Es handelt sich dabei insbesondere um Anlagen f\u00fcr die gesamte massen-\/sch\u00fcttgutverarbeitende Industrie. Beispiele sind Unternehmen, die mit Stoffen wie Tabak, Steinkohle, Mineralwolle, Kunststoff, Ton, Sand oder Abfall arbeiten. &nbsp; &nbsp; &nbsp; &nbsp; L\u00f6sungsorientierter Ansatz Mesys Gesch\u00e4ft ist Luft. Saubere Luft. Luft ist jedoch ein [&hellip;]","og_url":"https:\/\/www.mesys.nl\/de\/unternehmensprofil\/taetigkeitsbereich\/","og_site_name":"Mesys Air Systems","article_modified_time":"2019-09-30T07:56:52+00:00","og_image":[{"url":"https:\/\/www.mesys.nl\/wp-content\/uploads\/2016\/04\/Aanbod-klein-394x300.jpg","type":"","width":"","height":""}],"twitter_misc":{"Gesch\u00e4tzte Lesezeit":"2\u00a0Minuten"},"schema":{"@context":"https:\/\/schema.org","@graph":[{"@type":"WebPage","@id":"https:\/\/www.mesys.nl\/de\/unternehmensprofil\/taetigkeitsbereich\/","url":"https:\/\/www.mesys.nl\/de\/unternehmensprofil\/taetigkeitsbereich\/","name":"T\u00e4tigkeitsbereich - Mesys Air Systems","isPartOf":{"@id":"https:\/\/www.mesys.nl\/#website"},"primaryImageOfPage":{"@id":"https:\/\/www.mesys.nl\/de\/unternehmensprofil\/taetigkeitsbereich\/#primaryimage"},"image":{"@id":"https:\/\/www.mesys.nl\/de\/unternehmensprofil\/taetigkeitsbereich\/#primaryimage"},"thumbnailUrl":"https:\/\/www.mesys.nl\/wp-content\/uploads\/2016\/04\/Aanbod-klein-394x300.jpg","datePublished":"2016-04-18T07:30:15+00:00","dateModified":"2019-09-30T07:56:52+00:00","breadcrumb":{"@id":"https:\/\/www.mesys.nl\/de\/unternehmensprofil\/taetigkeitsbereich\/#breadcrumb"},"inLanguage":"de","potentialAction":[{"@type":"ReadAction","target":["https:\/\/www.mesys.nl\/de\/unternehmensprofil\/taetigkeitsbereich\/"]}]},{"@type":"ImageObject","inLanguage":"de","@id":"https:\/\/www.mesys.nl\/de\/unternehmensprofil\/taetigkeitsbereich\/#primaryimage","url":"https:\/\/www.mesys.nl\/wp-content\/uploads\/2016\/04\/Aanbod-klein-394x300.jpg","contentUrl":"https:\/\/www.mesys.nl\/wp-content\/uploads\/2016\/04\/Aanbod-klein-394x300.jpg"},{"@type":"BreadcrumbList","@id":"https:\/\/www.mesys.nl\/de\/unternehmensprofil\/taetigkeitsbereich\/#breadcrumb","itemListElement":[{"@type":"ListItem","position":1,"name":"Home","item":"https:\/\/www.mesys.nl\/de\/"},{"@type":"ListItem","position":2,"name":"Unternehmensprofil","item":"https:\/\/www.mesys.nl\/de\/unternehmensprofil\/"},{"@type":"ListItem","position":3,"name":"T\u00e4tigkeitsbereich"}]},{"@type":"WebSite","@id":"https:\/\/www.mesys.nl\/#website","url":"https:\/\/www.mesys.nl\/","name":"Mesys Air Systems","description":"Air Systems BV","potentialAction":[{"@type":"SearchAction","target":{"@type":"EntryPoint","urlTemplate":"https:\/\/www.mesys.nl\/?s={search_term_string}"},"query-input":{"@type":"PropertyValueSpecification","valueRequired":true,"valueName":"search_term_string"}}],"inLanguage":"de"}]}},"_links":{"self":[{"href":"https:\/\/www.mesys.nl\/de\/wp-json\/wp\/v2\/pages\/887","targetHints":{"allow":["GET"]}}],"collection":[{"href":"https:\/\/www.mesys.nl\/de\/wp-json\/wp\/v2\/pages"}],"about":[{"href":"https:\/\/www.mesys.nl\/de\/wp-json\/wp\/v2\/types\/page"}],"author":[{"embeddable":true,"href":"https:\/\/www.mesys.nl\/de\/wp-json\/wp\/v2\/users\/1"}],"replies":[{"embeddable":true,"href":"https:\/\/www.mesys.nl\/de\/wp-json\/wp\/v2\/comments?post=887"}],"version-history":[{"count":5,"href":"https:\/\/www.mesys.nl\/de\/wp-json\/wp\/v2\/pages\/887\/revisions"}],"predecessor-version":[{"id":1330,"href":"https:\/\/www.mesys.nl\/de\/wp-json\/wp\/v2\/pages\/887\/revisions\/1330"}],"up":[{"embeddable":true,"href":"https:\/\/www.mesys.nl\/de\/wp-json\/wp\/v2\/pages\/872"}],"wp:attachment":[{"href":"https:\/\/www.mesys.nl\/de\/wp-json\/wp\/v2\/media?parent=887"}],"curies":[{"name":"wp","href":"https:\/\/api.w.org\/{rel}","templated":true}]}}