{"id":895,"date":"2016-04-18T08:39:07","date_gmt":"2016-04-18T07:39:07","guid":{"rendered":"http:\/\/www.mesys.nl\/?page_id=895&#038;lang=de"},"modified":"2019-08-29T16:49:16","modified_gmt":"2019-08-29T15:49:16","slug":"arbeitsweise","status":"publish","type":"page","link":"https:\/\/www.mesys.nl\/de\/unternehmensprofil\/arbeitsweise\/","title":{"rendered":"Arbeitsweise"},"content":{"rendered":"<h1>Arbeitsweise<\/h1>\n<h3><strong>Merkmale<\/strong><\/h3>\n<p><img decoding=\"async\" class=\"wp-image-896 size-medium alignleft\" src=\"https:\/\/www.mesys.nl\/wp-content\/uploads\/2016\/04\/Productie-450x300.jpg\" alt=\"mesys\" width=\"450\" height=\"300\" srcset=\"https:\/\/www.mesys.nl\/wp-content\/uploads\/2016\/04\/Productie-450x300.jpg 450w, https:\/\/www.mesys.nl\/wp-content\/uploads\/2016\/04\/Productie-768x512.jpg 768w, https:\/\/www.mesys.nl\/wp-content\/uploads\/2016\/04\/Productie-1024x683.jpg 1024w, https:\/\/www.mesys.nl\/wp-content\/uploads\/2016\/04\/Productie.jpg 1600w\" sizes=\"(max-width: 450px) 100vw, 450px\" \/><br \/>\nMesys bietet Ihnen umfangreiche Fachkenntnis auf dem Gebiet der industriellen Lufttechnik, insbesondere f\u00fcr die sch\u00fcttgutverarbeitende Industrie und f\u00fcr alle Fertigungsprozesse, in denen Gase, D\u00e4mpfe und Ger\u00fcche ein Thema sind. Mesys ist mit dem eigenen Ingenieurb\u00fcro auch regelm\u00e4\u00dfig als Hauptunternehmer f\u00fcr Projekte t\u00e4tig.<\/p>\n<h3><strong>Arbeitsweise<\/strong><\/h3>\n<p>Nach Eingang der Auftragsbest\u00e4tigung besucht ein Mesys-Systemanalyst den Auftraggeber. Dieser Fachmann analysiert, was zu tun ist und verschafft sich einen \u00dcberblick \u00fcber den gesamten technischen Prozess. Das so entstandene Gesamtbild f\u00fchrt zu einem praxistauglichen Vorschlag an das Management, in dem die zu ergreifenden Ma\u00dfnahmen dargestellt werden. Manchmal ist der Auftrag damit bereits abgeschlossen, h\u00e4ufig jedoch wird Mesys auch mit der entsprechenden Lieferung beauftragt. Mit dieser Aufgabe betrauen wir einen Projektingenieur, der bis zur endg\u00fcltigen Abnahme im Betrieb der Ansprechpartner f\u00fcr unseren Kunden ist.<\/p>\n<h3><strong>Service<\/strong><\/h3>\n<p>Mesys schlie\u00dft mit den meisten Auftraggebern einen Servicevertrag ab. Mit diesem Vertrag hat der Kunde die Garantie, dass die interne Luftqualit\u00e4t und eventuelle Emissionen seines Unternehmens stets den gesetzlichen Vorschriften hinsichtlich der Belastung durch Staub, Ger\u00fcche und Gase entsprechen. Ein- oder mehrmals pro Jahr f\u00fchren wir vor Ort eine Inspektion durch und unterbreiten ggf. einen Vorschlag zum Austausch von Teilen. Mesys garantiert als Dienstleister eine hundertprozentige Erreichbarkeit: Wir stehen unseren Kunden 24 Stunden pro Tag und sieben Tage pro Woche zur Verf\u00fcgung.<\/p>\n<h3><strong>Personal<\/strong><\/h3>\n<p>Die Mitarbeiter von Mesys verf\u00fcgen \u00fcberwiegend \u00fcber mittlere und h\u00f6here Bildungsabschl\u00fcsse. Umfangreiche interne Schulungen machen sie dar\u00fcber hinaus zu <img decoding=\"async\" class=\"alignright size-full wp-image-907\" src=\"https:\/\/www.mesys.nl\/wp-content\/uploads\/2016\/04\/5.jpg\" alt=\"mesys\" width=\"145\" height=\"161\" \/>Spezialisten auf\u00a0dem\u00a0Gebiet der Analyse und der Funktionsweise technischer Anlagen. Mesys hat 24 Mitarbeiter, die falls gew\u00fcnscht weltweit eingesetzt werden k\u00f6nnen. Unsere Experten arbeiten teils vor Ort. Bei der Installation einer Anlage ist im Unternehmen vor Ort stets ein Mesys-Mitarbeiter als fester Ansprechpartner anwesend.<\/p>\n<h3><strong>VCA<\/strong><\/h3>\n<p><img decoding=\"async\" class=\"alignleft wp-image-1203\" src=\"https:\/\/www.mesys.nl\/wp-content\/uploads\/2019\/07\/9108651430_1008753.jpg\" alt=\"\" width=\"294\" height=\"149\" srcset=\"https:\/\/www.mesys.nl\/wp-content\/uploads\/2019\/07\/9108651430_1008753.jpg 717w, https:\/\/www.mesys.nl\/wp-content\/uploads\/2019\/07\/9108651430_1008753-500x253.jpg 500w\" sizes=\"(max-width: 294px) 100vw, 294px\" \/><br \/>\nMesys ist nach VCA Petrochemie, der anspruchsvollsten Sicherheitszertifizierung nach EU-Richtlinien, zertifiziert. Wir sind somit f\u00fcr das sichere Arbeiten in allen Industriebereichen einschlie\u00dflich der petrochemischen Industrie zertifiziert. Dar\u00fcber hinaus ist Mesys auch nach NEN 4400 zertifiziert.<\/p>\n","protected":false},"excerpt":{"rendered":"<p>Arbeitsweise Merkmale Mesys bietet Ihnen umfangreiche Fachkenntnis auf dem Gebiet der industriellen Lufttechnik, insbesondere f\u00fcr die sch\u00fcttgutverarbeitende Industrie und f\u00fcr alle Fertigungsprozesse, in denen Gase, D\u00e4mpfe und Ger\u00fcche ein Thema sind. Mesys ist mit dem eigenen Ingenieurb\u00fcro auch regelm\u00e4\u00dfig als Hauptunternehmer f\u00fcr Projekte t\u00e4tig. Arbeitsweise Nach Eingang der Auftragsbest\u00e4tigung besucht ein Mesys-Systemanalyst den Auftraggeber. Dieser [&hellip;]<\/p>\n","protected":false},"author":1,"featured_media":0,"parent":872,"menu_order":0,"comment_status":"closed","ping_status":"closed","template":"","meta":{"_acf_changed":false,"_monsterinsights_skip_tracking":false,"_monsterinsights_sitenote_active":false,"_monsterinsights_sitenote_note":"","_monsterinsights_sitenote_category":0,"footnotes":""},"class_list":["post-895","page","type-page","status-publish","hentry"],"acf":[],"yoast_head":"<!-- This site is optimized with the Yoast SEO plugin v27.4 - https:\/\/yoast.com\/product\/yoast-seo-wordpress\/ -->\n<title>Arbeitsweise - Mesys Air Systems<\/title>\n<meta name=\"robots\" content=\"index, follow, max-snippet:-1, max-image-preview:large, max-video-preview:-1\" \/>\n<link rel=\"canonical\" href=\"https:\/\/www.mesys.nl\/de\/unternehmensprofil\/arbeitsweise\/\" \/>\n<meta property=\"og:locale\" content=\"de_DE\" \/>\n<meta property=\"og:type\" content=\"article\" \/>\n<meta property=\"og:title\" content=\"Arbeitsweise - Mesys Air Systems\" \/>\n<meta property=\"og:description\" content=\"Arbeitsweise Merkmale Mesys bietet Ihnen umfangreiche Fachkenntnis auf dem Gebiet der industriellen Lufttechnik, insbesondere f\u00fcr die sch\u00fcttgutverarbeitende Industrie und f\u00fcr alle Fertigungsprozesse, in denen Gase, D\u00e4mpfe und Ger\u00fcche ein Thema sind. Mesys ist mit dem eigenen Ingenieurb\u00fcro auch regelm\u00e4\u00dfig als Hauptunternehmer f\u00fcr Projekte t\u00e4tig. Arbeitsweise Nach Eingang der Auftragsbest\u00e4tigung besucht ein Mesys-Systemanalyst den Auftraggeber. Dieser [&hellip;]\" \/>\n<meta property=\"og:url\" content=\"https:\/\/www.mesys.nl\/de\/unternehmensprofil\/arbeitsweise\/\" \/>\n<meta property=\"og:site_name\" content=\"Mesys Air Systems\" \/>\n<meta property=\"article:modified_time\" content=\"2019-08-29T15:49:16+00:00\" \/>\n<meta property=\"og:image\" content=\"https:\/\/www.mesys.nl\/wp-content\/uploads\/2016\/04\/Productie-450x300.jpg\" \/>\n<meta name=\"twitter:label1\" content=\"Gesch\u00e4tzte Lesezeit\" \/>\n\t<meta name=\"twitter:data1\" content=\"2\u00a0Minuten\" \/>\n<script type=\"application\/ld+json\" class=\"yoast-schema-graph\">{\"@context\":\"https:\\\/\\\/schema.org\",\"@graph\":[{\"@type\":\"WebPage\",\"@id\":\"https:\\\/\\\/www.mesys.nl\\\/de\\\/unternehmensprofil\\\/arbeitsweise\\\/\",\"url\":\"https:\\\/\\\/www.mesys.nl\\\/de\\\/unternehmensprofil\\\/arbeitsweise\\\/\",\"name\":\"Arbeitsweise - Mesys Air Systems\",\"isPartOf\":{\"@id\":\"https:\\\/\\\/www.mesys.nl\\\/#website\"},\"primaryImageOfPage\":{\"@id\":\"https:\\\/\\\/www.mesys.nl\\\/de\\\/unternehmensprofil\\\/arbeitsweise\\\/#primaryimage\"},\"image\":{\"@id\":\"https:\\\/\\\/www.mesys.nl\\\/de\\\/unternehmensprofil\\\/arbeitsweise\\\/#primaryimage\"},\"thumbnailUrl\":\"https:\\\/\\\/www.mesys.nl\\\/wp-content\\\/uploads\\\/2016\\\/04\\\/Productie-450x300.jpg\",\"datePublished\":\"2016-04-18T07:39:07+00:00\",\"dateModified\":\"2019-08-29T15:49:16+00:00\",\"breadcrumb\":{\"@id\":\"https:\\\/\\\/www.mesys.nl\\\/de\\\/unternehmensprofil\\\/arbeitsweise\\\/#breadcrumb\"},\"inLanguage\":\"de\",\"potentialAction\":[{\"@type\":\"ReadAction\",\"target\":[\"https:\\\/\\\/www.mesys.nl\\\/de\\\/unternehmensprofil\\\/arbeitsweise\\\/\"]}]},{\"@type\":\"ImageObject\",\"inLanguage\":\"de\",\"@id\":\"https:\\\/\\\/www.mesys.nl\\\/de\\\/unternehmensprofil\\\/arbeitsweise\\\/#primaryimage\",\"url\":\"https:\\\/\\\/www.mesys.nl\\\/wp-content\\\/uploads\\\/2016\\\/04\\\/Productie-450x300.jpg\",\"contentUrl\":\"https:\\\/\\\/www.mesys.nl\\\/wp-content\\\/uploads\\\/2016\\\/04\\\/Productie-450x300.jpg\"},{\"@type\":\"BreadcrumbList\",\"@id\":\"https:\\\/\\\/www.mesys.nl\\\/de\\\/unternehmensprofil\\\/arbeitsweise\\\/#breadcrumb\",\"itemListElement\":[{\"@type\":\"ListItem\",\"position\":1,\"name\":\"Home\",\"item\":\"https:\\\/\\\/www.mesys.nl\\\/de\\\/\"},{\"@type\":\"ListItem\",\"position\":2,\"name\":\"Unternehmensprofil\",\"item\":\"https:\\\/\\\/www.mesys.nl\\\/de\\\/unternehmensprofil\\\/\"},{\"@type\":\"ListItem\",\"position\":3,\"name\":\"Arbeitsweise\"}]},{\"@type\":\"WebSite\",\"@id\":\"https:\\\/\\\/www.mesys.nl\\\/#website\",\"url\":\"https:\\\/\\\/www.mesys.nl\\\/\",\"name\":\"Mesys Air Systems\",\"description\":\"Air Systems BV\",\"potentialAction\":[{\"@type\":\"SearchAction\",\"target\":{\"@type\":\"EntryPoint\",\"urlTemplate\":\"https:\\\/\\\/www.mesys.nl\\\/?s={search_term_string}\"},\"query-input\":{\"@type\":\"PropertyValueSpecification\",\"valueRequired\":true,\"valueName\":\"search_term_string\"}}],\"inLanguage\":\"de\"}]}<\/script>\n<!-- \/ Yoast SEO plugin. -->","yoast_head_json":{"title":"Arbeitsweise - Mesys Air Systems","robots":{"index":"index","follow":"follow","max-snippet":"max-snippet:-1","max-image-preview":"max-image-preview:large","max-video-preview":"max-video-preview:-1"},"canonical":"https:\/\/www.mesys.nl\/de\/unternehmensprofil\/arbeitsweise\/","og_locale":"de_DE","og_type":"article","og_title":"Arbeitsweise - Mesys Air Systems","og_description":"Arbeitsweise Merkmale Mesys bietet Ihnen umfangreiche Fachkenntnis auf dem Gebiet der industriellen Lufttechnik, insbesondere f\u00fcr die sch\u00fcttgutverarbeitende Industrie und f\u00fcr alle Fertigungsprozesse, in denen Gase, D\u00e4mpfe und Ger\u00fcche ein Thema sind. Mesys ist mit dem eigenen Ingenieurb\u00fcro auch regelm\u00e4\u00dfig als Hauptunternehmer f\u00fcr Projekte t\u00e4tig. Arbeitsweise Nach Eingang der Auftragsbest\u00e4tigung besucht ein Mesys-Systemanalyst den Auftraggeber. Dieser [&hellip;]","og_url":"https:\/\/www.mesys.nl\/de\/unternehmensprofil\/arbeitsweise\/","og_site_name":"Mesys Air Systems","article_modified_time":"2019-08-29T15:49:16+00:00","og_image":[{"url":"https:\/\/www.mesys.nl\/wp-content\/uploads\/2016\/04\/Productie-450x300.jpg","type":"","width":"","height":""}],"twitter_misc":{"Gesch\u00e4tzte Lesezeit":"2\u00a0Minuten"},"schema":{"@context":"https:\/\/schema.org","@graph":[{"@type":"WebPage","@id":"https:\/\/www.mesys.nl\/de\/unternehmensprofil\/arbeitsweise\/","url":"https:\/\/www.mesys.nl\/de\/unternehmensprofil\/arbeitsweise\/","name":"Arbeitsweise - Mesys Air Systems","isPartOf":{"@id":"https:\/\/www.mesys.nl\/#website"},"primaryImageOfPage":{"@id":"https:\/\/www.mesys.nl\/de\/unternehmensprofil\/arbeitsweise\/#primaryimage"},"image":{"@id":"https:\/\/www.mesys.nl\/de\/unternehmensprofil\/arbeitsweise\/#primaryimage"},"thumbnailUrl":"https:\/\/www.mesys.nl\/wp-content\/uploads\/2016\/04\/Productie-450x300.jpg","datePublished":"2016-04-18T07:39:07+00:00","dateModified":"2019-08-29T15:49:16+00:00","breadcrumb":{"@id":"https:\/\/www.mesys.nl\/de\/unternehmensprofil\/arbeitsweise\/#breadcrumb"},"inLanguage":"de","potentialAction":[{"@type":"ReadAction","target":["https:\/\/www.mesys.nl\/de\/unternehmensprofil\/arbeitsweise\/"]}]},{"@type":"ImageObject","inLanguage":"de","@id":"https:\/\/www.mesys.nl\/de\/unternehmensprofil\/arbeitsweise\/#primaryimage","url":"https:\/\/www.mesys.nl\/wp-content\/uploads\/2016\/04\/Productie-450x300.jpg","contentUrl":"https:\/\/www.mesys.nl\/wp-content\/uploads\/2016\/04\/Productie-450x300.jpg"},{"@type":"BreadcrumbList","@id":"https:\/\/www.mesys.nl\/de\/unternehmensprofil\/arbeitsweise\/#breadcrumb","itemListElement":[{"@type":"ListItem","position":1,"name":"Home","item":"https:\/\/www.mesys.nl\/de\/"},{"@type":"ListItem","position":2,"name":"Unternehmensprofil","item":"https:\/\/www.mesys.nl\/de\/unternehmensprofil\/"},{"@type":"ListItem","position":3,"name":"Arbeitsweise"}]},{"@type":"WebSite","@id":"https:\/\/www.mesys.nl\/#website","url":"https:\/\/www.mesys.nl\/","name":"Mesys Air Systems","description":"Air Systems BV","potentialAction":[{"@type":"SearchAction","target":{"@type":"EntryPoint","urlTemplate":"https:\/\/www.mesys.nl\/?s={search_term_string}"},"query-input":{"@type":"PropertyValueSpecification","valueRequired":true,"valueName":"search_term_string"}}],"inLanguage":"de"}]}},"_links":{"self":[{"href":"https:\/\/www.mesys.nl\/de\/wp-json\/wp\/v2\/pages\/895","targetHints":{"allow":["GET"]}}],"collection":[{"href":"https:\/\/www.mesys.nl\/de\/wp-json\/wp\/v2\/pages"}],"about":[{"href":"https:\/\/www.mesys.nl\/de\/wp-json\/wp\/v2\/types\/page"}],"author":[{"embeddable":true,"href":"https:\/\/www.mesys.nl\/de\/wp-json\/wp\/v2\/users\/1"}],"replies":[{"embeddable":true,"href":"https:\/\/www.mesys.nl\/de\/wp-json\/wp\/v2\/comments?post=895"}],"version-history":[{"count":5,"href":"https:\/\/www.mesys.nl\/de\/wp-json\/wp\/v2\/pages\/895\/revisions"}],"predecessor-version":[{"id":1299,"href":"https:\/\/www.mesys.nl\/de\/wp-json\/wp\/v2\/pages\/895\/revisions\/1299"}],"up":[{"embeddable":true,"href":"https:\/\/www.mesys.nl\/de\/wp-json\/wp\/v2\/pages\/872"}],"wp:attachment":[{"href":"https:\/\/www.mesys.nl\/de\/wp-json\/wp\/v2\/media?parent=895"}],"curies":[{"name":"wp","href":"https:\/\/api.w.org\/{rel}","templated":true}]}}