{"id":914,"date":"2016-04-18T08:51:38","date_gmt":"2016-04-18T07:51:38","guid":{"rendered":"http:\/\/www.mesys.nl\/?page_id=914&#038;lang=de"},"modified":"2016-04-19T07:58:38","modified_gmt":"2016-04-19T06:58:38","slug":"beweiskraft","status":"publish","type":"page","link":"https:\/\/www.mesys.nl\/de\/unternehmensprofil\/beweiskraft\/","title":{"rendered":"Beweiskraft"},"content":{"rendered":"<h1>Beweiskraft<\/h1>\n<h3><strong>Durchgef\u00fchrte Projekte<\/strong><\/h3>\n<p><img decoding=\"async\" class=\"wp-image-678 size-medium alignleft\" src=\"https:\/\/www.mesys.nl\/wp-content\/uploads\/2015\/12\/Bewijskracht-klein-460x300.jpg\" alt=\"mesys\" width=\"460\" height=\"300\" srcset=\"https:\/\/www.mesys.nl\/wp-content\/uploads\/2015\/12\/Bewijskracht-klein-460x300.jpg 460w, https:\/\/www.mesys.nl\/wp-content\/uploads\/2015\/12\/Bewijskracht-klein.jpg 877w\" sizes=\"(max-width: 460px) 100vw, 460px\" \/><br \/>\nVon Mesys durchgef\u00fchrte Projekte werden von entsprechend zertifizierten Messb\u00fcros auf ihre Leistungsf\u00e4higkeit hin \u00fcberpr\u00fcft. Da diese Untersuchungen also von Dritten durchgef\u00fchrt werden, ist die Unabh\u00e4ngigkeit gew\u00e4hrleistet.<br \/>\n&nbsp;<br \/>\n&nbsp;<br \/>\n&nbsp;<br \/>\n&nbsp;<br \/>\n&nbsp;<br \/>\n&nbsp;<\/p>\n<h3><strong>Referenzen<\/strong><\/h3>\n<p>Mesys arbeitet seit vielen Jahren erfolgreich mit zahlreichen Auftraggebern zusammen. Dazu geh\u00f6ren zum Beispiel Betriebe wie;<\/p>\n<ul>\n<li>Suikerunie<\/li>\n<li>Tata Steel (ehemalig Corus)<\/li>\n<li>Douwe Egberts<\/li>\n<li>Imperial Tobacco<\/li>\n<li>Unilever<\/li>\n<li>Van Nelle (Irland)<\/li>\n<li>Dr Sch\u00e4r (Italien)<\/li>\n<li>Wienerberger (Niederlande, Deutschland und Belgien)<\/li>\n<li>Niemeijer<\/li>\n<li>AKZO<\/li>\n<li>BAM Kappa<\/li>\n<li>Saba<\/li>\n<li>Vredestein<\/li>\n<li>Rockwool<\/li>\n<li>Henri Wintermans<\/li>\n<li>Xerox<\/li>\n<li>Essent<\/li>\n<li>Nestl\u00e9<\/li>\n<li>AVR<\/li>\n<li>AVI-Twente<\/li>\n<li>Baars Kaas oder<\/li>\n<li>Heineken.<\/li>\n<\/ul>\n","protected":false},"excerpt":{"rendered":"<p>Beweiskraft Durchgef\u00fchrte Projekte Von Mesys durchgef\u00fchrte Projekte werden von entsprechend zertifizierten Messb\u00fcros auf ihre Leistungsf\u00e4higkeit hin \u00fcberpr\u00fcft. Da diese Untersuchungen also von Dritten durchgef\u00fchrt werden, ist die Unabh\u00e4ngigkeit gew\u00e4hrleistet. &nbsp; &nbsp; &nbsp; &nbsp; &nbsp; &nbsp; Referenzen Mesys arbeitet seit vielen Jahren erfolgreich mit zahlreichen Auftraggebern zusammen. Dazu geh\u00f6ren zum Beispiel Betriebe wie; Suikerunie Tata Steel [&hellip;]<\/p>\n","protected":false},"author":1,"featured_media":0,"parent":872,"menu_order":0,"comment_status":"closed","ping_status":"closed","template":"","meta":{"_acf_changed":false,"_monsterinsights_skip_tracking":false,"_monsterinsights_sitenote_active":false,"_monsterinsights_sitenote_note":"","_monsterinsights_sitenote_category":0,"footnotes":""},"class_list":["post-914","page","type-page","status-publish","hentry"],"acf":[],"yoast_head":"<!-- This site is optimized with the Yoast SEO plugin v27.3 - https:\/\/yoast.com\/product\/yoast-seo-wordpress\/ -->\n<title>Beweiskraft - Mesys Air Systems<\/title>\n<meta name=\"robots\" content=\"index, follow, max-snippet:-1, max-image-preview:large, max-video-preview:-1\" \/>\n<link rel=\"canonical\" href=\"https:\/\/www.mesys.nl\/de\/unternehmensprofil\/beweiskraft\/\" \/>\n<meta property=\"og:locale\" content=\"de_DE\" \/>\n<meta property=\"og:type\" content=\"article\" \/>\n<meta property=\"og:title\" content=\"Beweiskraft - Mesys Air Systems\" \/>\n<meta property=\"og:description\" content=\"Beweiskraft Durchgef\u00fchrte Projekte Von Mesys durchgef\u00fchrte Projekte werden von entsprechend zertifizierten Messb\u00fcros auf ihre Leistungsf\u00e4higkeit hin \u00fcberpr\u00fcft. Da diese Untersuchungen also von Dritten durchgef\u00fchrt werden, ist die Unabh\u00e4ngigkeit gew\u00e4hrleistet. &nbsp; &nbsp; &nbsp; &nbsp; &nbsp; &nbsp; Referenzen Mesys arbeitet seit vielen Jahren erfolgreich mit zahlreichen Auftraggebern zusammen. Dazu geh\u00f6ren zum Beispiel Betriebe wie; Suikerunie Tata Steel [&hellip;]\" \/>\n<meta property=\"og:url\" content=\"https:\/\/www.mesys.nl\/de\/unternehmensprofil\/beweiskraft\/\" \/>\n<meta property=\"og:site_name\" content=\"Mesys Air Systems\" \/>\n<meta property=\"article:modified_time\" content=\"2016-04-19T06:58:38+00:00\" \/>\n<meta property=\"og:image\" content=\"https:\/\/www.mesys.nl\/wp-content\/uploads\/2015\/12\/Bewijskracht-klein-460x300.jpg\" \/>\n<meta name=\"twitter:label1\" content=\"Gesch\u00e4tzte Lesezeit\" \/>\n\t<meta name=\"twitter:data1\" content=\"1\u00a0Minute\" \/>\n<script type=\"application\/ld+json\" class=\"yoast-schema-graph\">{\"@context\":\"https:\\\/\\\/schema.org\",\"@graph\":[{\"@type\":\"WebPage\",\"@id\":\"https:\\\/\\\/www.mesys.nl\\\/de\\\/unternehmensprofil\\\/beweiskraft\\\/\",\"url\":\"https:\\\/\\\/www.mesys.nl\\\/de\\\/unternehmensprofil\\\/beweiskraft\\\/\",\"name\":\"Beweiskraft - Mesys Air Systems\",\"isPartOf\":{\"@id\":\"https:\\\/\\\/www.mesys.nl\\\/#website\"},\"primaryImageOfPage\":{\"@id\":\"https:\\\/\\\/www.mesys.nl\\\/de\\\/unternehmensprofil\\\/beweiskraft\\\/#primaryimage\"},\"image\":{\"@id\":\"https:\\\/\\\/www.mesys.nl\\\/de\\\/unternehmensprofil\\\/beweiskraft\\\/#primaryimage\"},\"thumbnailUrl\":\"https:\\\/\\\/www.mesys.nl\\\/wp-content\\\/uploads\\\/2015\\\/12\\\/Bewijskracht-klein-460x300.jpg\",\"datePublished\":\"2016-04-18T07:51:38+00:00\",\"dateModified\":\"2016-04-19T06:58:38+00:00\",\"breadcrumb\":{\"@id\":\"https:\\\/\\\/www.mesys.nl\\\/de\\\/unternehmensprofil\\\/beweiskraft\\\/#breadcrumb\"},\"inLanguage\":\"de\",\"potentialAction\":[{\"@type\":\"ReadAction\",\"target\":[\"https:\\\/\\\/www.mesys.nl\\\/de\\\/unternehmensprofil\\\/beweiskraft\\\/\"]}]},{\"@type\":\"ImageObject\",\"inLanguage\":\"de\",\"@id\":\"https:\\\/\\\/www.mesys.nl\\\/de\\\/unternehmensprofil\\\/beweiskraft\\\/#primaryimage\",\"url\":\"https:\\\/\\\/www.mesys.nl\\\/wp-content\\\/uploads\\\/2015\\\/12\\\/Bewijskracht-klein-460x300.jpg\",\"contentUrl\":\"https:\\\/\\\/www.mesys.nl\\\/wp-content\\\/uploads\\\/2015\\\/12\\\/Bewijskracht-klein-460x300.jpg\"},{\"@type\":\"BreadcrumbList\",\"@id\":\"https:\\\/\\\/www.mesys.nl\\\/de\\\/unternehmensprofil\\\/beweiskraft\\\/#breadcrumb\",\"itemListElement\":[{\"@type\":\"ListItem\",\"position\":1,\"name\":\"Home\",\"item\":\"https:\\\/\\\/www.mesys.nl\\\/de\\\/\"},{\"@type\":\"ListItem\",\"position\":2,\"name\":\"Unternehmensprofil\",\"item\":\"https:\\\/\\\/www.mesys.nl\\\/de\\\/unternehmensprofil\\\/\"},{\"@type\":\"ListItem\",\"position\":3,\"name\":\"Beweiskraft\"}]},{\"@type\":\"WebSite\",\"@id\":\"https:\\\/\\\/www.mesys.nl\\\/#website\",\"url\":\"https:\\\/\\\/www.mesys.nl\\\/\",\"name\":\"Mesys Air Systems\",\"description\":\"Air Systems BV\",\"potentialAction\":[{\"@type\":\"SearchAction\",\"target\":{\"@type\":\"EntryPoint\",\"urlTemplate\":\"https:\\\/\\\/www.mesys.nl\\\/?s={search_term_string}\"},\"query-input\":{\"@type\":\"PropertyValueSpecification\",\"valueRequired\":true,\"valueName\":\"search_term_string\"}}],\"inLanguage\":\"de\"}]}<\/script>\n<!-- \/ Yoast SEO plugin. -->","yoast_head_json":{"title":"Beweiskraft - Mesys Air Systems","robots":{"index":"index","follow":"follow","max-snippet":"max-snippet:-1","max-image-preview":"max-image-preview:large","max-video-preview":"max-video-preview:-1"},"canonical":"https:\/\/www.mesys.nl\/de\/unternehmensprofil\/beweiskraft\/","og_locale":"de_DE","og_type":"article","og_title":"Beweiskraft - Mesys Air Systems","og_description":"Beweiskraft Durchgef\u00fchrte Projekte Von Mesys durchgef\u00fchrte Projekte werden von entsprechend zertifizierten Messb\u00fcros auf ihre Leistungsf\u00e4higkeit hin \u00fcberpr\u00fcft. Da diese Untersuchungen also von Dritten durchgef\u00fchrt werden, ist die Unabh\u00e4ngigkeit gew\u00e4hrleistet. &nbsp; &nbsp; &nbsp; &nbsp; &nbsp; &nbsp; Referenzen Mesys arbeitet seit vielen Jahren erfolgreich mit zahlreichen Auftraggebern zusammen. Dazu geh\u00f6ren zum Beispiel Betriebe wie; Suikerunie Tata Steel [&hellip;]","og_url":"https:\/\/www.mesys.nl\/de\/unternehmensprofil\/beweiskraft\/","og_site_name":"Mesys Air Systems","article_modified_time":"2016-04-19T06:58:38+00:00","og_image":[{"url":"https:\/\/www.mesys.nl\/wp-content\/uploads\/2015\/12\/Bewijskracht-klein-460x300.jpg","type":"","width":"","height":""}],"twitter_misc":{"Gesch\u00e4tzte Lesezeit":"1\u00a0Minute"},"schema":{"@context":"https:\/\/schema.org","@graph":[{"@type":"WebPage","@id":"https:\/\/www.mesys.nl\/de\/unternehmensprofil\/beweiskraft\/","url":"https:\/\/www.mesys.nl\/de\/unternehmensprofil\/beweiskraft\/","name":"Beweiskraft - Mesys Air Systems","isPartOf":{"@id":"https:\/\/www.mesys.nl\/#website"},"primaryImageOfPage":{"@id":"https:\/\/www.mesys.nl\/de\/unternehmensprofil\/beweiskraft\/#primaryimage"},"image":{"@id":"https:\/\/www.mesys.nl\/de\/unternehmensprofil\/beweiskraft\/#primaryimage"},"thumbnailUrl":"https:\/\/www.mesys.nl\/wp-content\/uploads\/2015\/12\/Bewijskracht-klein-460x300.jpg","datePublished":"2016-04-18T07:51:38+00:00","dateModified":"2016-04-19T06:58:38+00:00","breadcrumb":{"@id":"https:\/\/www.mesys.nl\/de\/unternehmensprofil\/beweiskraft\/#breadcrumb"},"inLanguage":"de","potentialAction":[{"@type":"ReadAction","target":["https:\/\/www.mesys.nl\/de\/unternehmensprofil\/beweiskraft\/"]}]},{"@type":"ImageObject","inLanguage":"de","@id":"https:\/\/www.mesys.nl\/de\/unternehmensprofil\/beweiskraft\/#primaryimage","url":"https:\/\/www.mesys.nl\/wp-content\/uploads\/2015\/12\/Bewijskracht-klein-460x300.jpg","contentUrl":"https:\/\/www.mesys.nl\/wp-content\/uploads\/2015\/12\/Bewijskracht-klein-460x300.jpg"},{"@type":"BreadcrumbList","@id":"https:\/\/www.mesys.nl\/de\/unternehmensprofil\/beweiskraft\/#breadcrumb","itemListElement":[{"@type":"ListItem","position":1,"name":"Home","item":"https:\/\/www.mesys.nl\/de\/"},{"@type":"ListItem","position":2,"name":"Unternehmensprofil","item":"https:\/\/www.mesys.nl\/de\/unternehmensprofil\/"},{"@type":"ListItem","position":3,"name":"Beweiskraft"}]},{"@type":"WebSite","@id":"https:\/\/www.mesys.nl\/#website","url":"https:\/\/www.mesys.nl\/","name":"Mesys Air Systems","description":"Air Systems BV","potentialAction":[{"@type":"SearchAction","target":{"@type":"EntryPoint","urlTemplate":"https:\/\/www.mesys.nl\/?s={search_term_string}"},"query-input":{"@type":"PropertyValueSpecification","valueRequired":true,"valueName":"search_term_string"}}],"inLanguage":"de"}]}},"_links":{"self":[{"href":"https:\/\/www.mesys.nl\/de\/wp-json\/wp\/v2\/pages\/914","targetHints":{"allow":["GET"]}}],"collection":[{"href":"https:\/\/www.mesys.nl\/de\/wp-json\/wp\/v2\/pages"}],"about":[{"href":"https:\/\/www.mesys.nl\/de\/wp-json\/wp\/v2\/types\/page"}],"author":[{"embeddable":true,"href":"https:\/\/www.mesys.nl\/de\/wp-json\/wp\/v2\/users\/1"}],"replies":[{"embeddable":true,"href":"https:\/\/www.mesys.nl\/de\/wp-json\/wp\/v2\/comments?post=914"}],"version-history":[{"count":5,"href":"https:\/\/www.mesys.nl\/de\/wp-json\/wp\/v2\/pages\/914\/revisions"}],"predecessor-version":[{"id":1049,"href":"https:\/\/www.mesys.nl\/de\/wp-json\/wp\/v2\/pages\/914\/revisions\/1049"}],"up":[{"embeddable":true,"href":"https:\/\/www.mesys.nl\/de\/wp-json\/wp\/v2\/pages\/872"}],"wp:attachment":[{"href":"https:\/\/www.mesys.nl\/de\/wp-json\/wp\/v2\/media?parent=914"}],"curies":[{"name":"wp","href":"https:\/\/api.w.org\/{rel}","templated":true}]}}