{"id":943,"date":"2016-04-18T09:14:35","date_gmt":"2016-04-18T08:14:35","guid":{"rendered":"http:\/\/www.mesys.nl\/?page_id=943&#038;lang=de"},"modified":"2016-04-18T09:19:24","modified_gmt":"2016-04-18T08:19:24","slug":"neue-auftraege","status":"publish","type":"page","link":"https:\/\/www.mesys.nl\/de\/neue-auftraege\/","title":{"rendered":"Neue Auftr\u00e4ge"},"content":{"rendered":"<h1>Neue Auftr\u00e4ge<\/h1>\n<h3><strong>Henri Wintermans<\/strong><\/h3>\n<p><img decoding=\"async\" class=\"alignleft wp-image-805\" src=\"https:\/\/www.mesys.nl\/wp-content\/uploads\/2016\/04\/Henri-Wintermans.jpg\" alt=\"mesys\" width=\"200\" height=\"133\" \/><br \/>\nMesys hat alle lufttechnischen Anlagen f\u00fcr Henri Wintermans, einen der gr\u00f6\u00dften europ\u00e4ischen Zigarrenfabrikanten, geliefert. Es handelt sich dabei um Anlagen f\u00fcr die Entstaubung, die Geruchsentfernung und den pneumatischen Transport verschiedener Tabaksorten. Das im belgischen Lummen ans\u00e4ssige Unternehmen hat den Auftrag 2009 erteilt, gut ein Jahr sp\u00e4ter fand die Abnahme statt.<\/p>\n<h3><strong>DELI-HTL<\/strong><\/h3>\n<p><img decoding=\"async\" class=\"alignleft wp-image-722\" src=\"https:\/\/www.mesys.nl\/wp-content\/uploads\/2015\/12\/mesys.png\" alt=\"mesys\" width=\"200\" height=\"148\" \/><br \/>\nMesys liefert die Anlagen f\u00fcr die Reinigung der Abgase aus den Trocken\u00f6fen von DELI-HTL, einer im niederl\u00e4ndischen Eindhoven ans\u00e4ssigen Tochter des multinationalen Konzerns American Leaf. Die Abgase werden entstaubt und von Ger\u00fcchen befreit. DELI-THL ist spezialisiert auf die Herstellung von Tabakpapier aus Tabakabf\u00e4llen. Tabakpapier ist das Grundprodukt f\u00fcr die Fertigung des Umblattes f\u00fcr Zigarren.<\/p>\n<h3><strong>Corus<\/strong><\/h3>\n<p><img decoding=\"async\" class=\"alignleft wp-image-812\" src=\"https:\/\/www.mesys.nl\/wp-content\/uploads\/2016\/04\/Corus.jpg\" alt=\"mesys\" width=\"200\" height=\"150\" \/><br \/>\nMesys hat die Anlagen zur Absaugung und Reinigung der bei der Elektroverzinkung freiwerdenden Gase bei Corus im niederl\u00e4ndischen IJmuiden geliefert, wo Blech f\u00fcr Konservenb\u00fcchsen gefertigt wird. Die Gase werden nach der Reinigung in \u00dcbereinstimmung mit den Umweltvorschriften in die Au\u00dfenluft geblasen. Mesys hat dabei einen gro\u00dfen Erfolg erzielt: Bei Messungen waren \u00fcberhaupt keine Emissionen mehr nachweisbar.<\/p>\n","protected":false},"excerpt":{"rendered":"<p>Neue Auftr\u00e4ge Henri Wintermans Mesys hat alle lufttechnischen Anlagen f\u00fcr Henri Wintermans, einen der gr\u00f6\u00dften europ\u00e4ischen Zigarrenfabrikanten, geliefert. Es handelt sich dabei um Anlagen f\u00fcr die Entstaubung, die Geruchsentfernung und den pneumatischen Transport verschiedener Tabaksorten. Das im belgischen Lummen ans\u00e4ssige Unternehmen hat den Auftrag 2009 erteilt, gut ein Jahr sp\u00e4ter fand die Abnahme statt. DELI-HTL [&hellip;]<\/p>\n","protected":false},"author":1,"featured_media":0,"parent":0,"menu_order":0,"comment_status":"closed","ping_status":"closed","template":"","meta":{"_acf_changed":false,"_monsterinsights_skip_tracking":false,"_monsterinsights_sitenote_active":false,"_monsterinsights_sitenote_note":"","_monsterinsights_sitenote_category":0,"footnotes":""},"class_list":["post-943","page","type-page","status-publish","hentry"],"acf":[],"yoast_head":"<!-- This site is optimized with the Yoast SEO plugin v27.4 - https:\/\/yoast.com\/product\/yoast-seo-wordpress\/ -->\n<title>Neue Auftr\u00e4ge - Mesys Air Systems<\/title>\n<meta name=\"robots\" content=\"index, follow, max-snippet:-1, max-image-preview:large, max-video-preview:-1\" \/>\n<link rel=\"canonical\" href=\"https:\/\/www.mesys.nl\/de\/neue-auftraege\/\" \/>\n<meta property=\"og:locale\" content=\"de_DE\" \/>\n<meta property=\"og:type\" content=\"article\" \/>\n<meta property=\"og:title\" content=\"Neue Auftr\u00e4ge - Mesys Air Systems\" \/>\n<meta property=\"og:description\" content=\"Neue Auftr\u00e4ge Henri Wintermans Mesys hat alle lufttechnischen Anlagen f\u00fcr Henri Wintermans, einen der gr\u00f6\u00dften europ\u00e4ischen Zigarrenfabrikanten, geliefert. Es handelt sich dabei um Anlagen f\u00fcr die Entstaubung, die Geruchsentfernung und den pneumatischen Transport verschiedener Tabaksorten. Das im belgischen Lummen ans\u00e4ssige Unternehmen hat den Auftrag 2009 erteilt, gut ein Jahr sp\u00e4ter fand die Abnahme statt. DELI-HTL [&hellip;]\" \/>\n<meta property=\"og:url\" content=\"https:\/\/www.mesys.nl\/de\/neue-auftraege\/\" \/>\n<meta property=\"og:site_name\" content=\"Mesys Air Systems\" \/>\n<meta property=\"article:modified_time\" content=\"2016-04-18T08:19:24+00:00\" \/>\n<meta property=\"og:image\" content=\"https:\/\/www.mesys.nl\/wp-content\/uploads\/2016\/04\/Henri-Wintermans.jpg\" \/>\n<meta name=\"twitter:label1\" content=\"Gesch\u00e4tzte Lesezeit\" \/>\n\t<meta name=\"twitter:data1\" content=\"1\u00a0Minute\" \/>\n<script type=\"application\/ld+json\" class=\"yoast-schema-graph\">{\"@context\":\"https:\\\/\\\/schema.org\",\"@graph\":[{\"@type\":\"WebPage\",\"@id\":\"https:\\\/\\\/www.mesys.nl\\\/de\\\/neue-auftraege\\\/\",\"url\":\"https:\\\/\\\/www.mesys.nl\\\/de\\\/neue-auftraege\\\/\",\"name\":\"Neue Auftr\u00e4ge - Mesys Air Systems\",\"isPartOf\":{\"@id\":\"https:\\\/\\\/www.mesys.nl\\\/#website\"},\"primaryImageOfPage\":{\"@id\":\"https:\\\/\\\/www.mesys.nl\\\/de\\\/neue-auftraege\\\/#primaryimage\"},\"image\":{\"@id\":\"https:\\\/\\\/www.mesys.nl\\\/de\\\/neue-auftraege\\\/#primaryimage\"},\"thumbnailUrl\":\"https:\\\/\\\/www.mesys.nl\\\/wp-content\\\/uploads\\\/2016\\\/04\\\/Henri-Wintermans.jpg\",\"datePublished\":\"2016-04-18T08:14:35+00:00\",\"dateModified\":\"2016-04-18T08:19:24+00:00\",\"breadcrumb\":{\"@id\":\"https:\\\/\\\/www.mesys.nl\\\/de\\\/neue-auftraege\\\/#breadcrumb\"},\"inLanguage\":\"de\",\"potentialAction\":[{\"@type\":\"ReadAction\",\"target\":[\"https:\\\/\\\/www.mesys.nl\\\/de\\\/neue-auftraege\\\/\"]}]},{\"@type\":\"ImageObject\",\"inLanguage\":\"de\",\"@id\":\"https:\\\/\\\/www.mesys.nl\\\/de\\\/neue-auftraege\\\/#primaryimage\",\"url\":\"https:\\\/\\\/www.mesys.nl\\\/wp-content\\\/uploads\\\/2016\\\/04\\\/Henri-Wintermans.jpg\",\"contentUrl\":\"https:\\\/\\\/www.mesys.nl\\\/wp-content\\\/uploads\\\/2016\\\/04\\\/Henri-Wintermans.jpg\"},{\"@type\":\"BreadcrumbList\",\"@id\":\"https:\\\/\\\/www.mesys.nl\\\/de\\\/neue-auftraege\\\/#breadcrumb\",\"itemListElement\":[{\"@type\":\"ListItem\",\"position\":1,\"name\":\"Home\",\"item\":\"https:\\\/\\\/www.mesys.nl\\\/de\\\/\"},{\"@type\":\"ListItem\",\"position\":2,\"name\":\"Neue Auftr\u00e4ge\"}]},{\"@type\":\"WebSite\",\"@id\":\"https:\\\/\\\/www.mesys.nl\\\/#website\",\"url\":\"https:\\\/\\\/www.mesys.nl\\\/\",\"name\":\"Mesys Air Systems\",\"description\":\"Air Systems BV\",\"potentialAction\":[{\"@type\":\"SearchAction\",\"target\":{\"@type\":\"EntryPoint\",\"urlTemplate\":\"https:\\\/\\\/www.mesys.nl\\\/?s={search_term_string}\"},\"query-input\":{\"@type\":\"PropertyValueSpecification\",\"valueRequired\":true,\"valueName\":\"search_term_string\"}}],\"inLanguage\":\"de\"}]}<\/script>\n<!-- \/ Yoast SEO plugin. -->","yoast_head_json":{"title":"Neue Auftr\u00e4ge - Mesys Air Systems","robots":{"index":"index","follow":"follow","max-snippet":"max-snippet:-1","max-image-preview":"max-image-preview:large","max-video-preview":"max-video-preview:-1"},"canonical":"https:\/\/www.mesys.nl\/de\/neue-auftraege\/","og_locale":"de_DE","og_type":"article","og_title":"Neue Auftr\u00e4ge - Mesys Air Systems","og_description":"Neue Auftr\u00e4ge Henri Wintermans Mesys hat alle lufttechnischen Anlagen f\u00fcr Henri Wintermans, einen der gr\u00f6\u00dften europ\u00e4ischen Zigarrenfabrikanten, geliefert. Es handelt sich dabei um Anlagen f\u00fcr die Entstaubung, die Geruchsentfernung und den pneumatischen Transport verschiedener Tabaksorten. Das im belgischen Lummen ans\u00e4ssige Unternehmen hat den Auftrag 2009 erteilt, gut ein Jahr sp\u00e4ter fand die Abnahme statt. DELI-HTL [&hellip;]","og_url":"https:\/\/www.mesys.nl\/de\/neue-auftraege\/","og_site_name":"Mesys Air Systems","article_modified_time":"2016-04-18T08:19:24+00:00","og_image":[{"url":"https:\/\/www.mesys.nl\/wp-content\/uploads\/2016\/04\/Henri-Wintermans.jpg","type":"","width":"","height":""}],"twitter_misc":{"Gesch\u00e4tzte Lesezeit":"1\u00a0Minute"},"schema":{"@context":"https:\/\/schema.org","@graph":[{"@type":"WebPage","@id":"https:\/\/www.mesys.nl\/de\/neue-auftraege\/","url":"https:\/\/www.mesys.nl\/de\/neue-auftraege\/","name":"Neue Auftr\u00e4ge - Mesys Air Systems","isPartOf":{"@id":"https:\/\/www.mesys.nl\/#website"},"primaryImageOfPage":{"@id":"https:\/\/www.mesys.nl\/de\/neue-auftraege\/#primaryimage"},"image":{"@id":"https:\/\/www.mesys.nl\/de\/neue-auftraege\/#primaryimage"},"thumbnailUrl":"https:\/\/www.mesys.nl\/wp-content\/uploads\/2016\/04\/Henri-Wintermans.jpg","datePublished":"2016-04-18T08:14:35+00:00","dateModified":"2016-04-18T08:19:24+00:00","breadcrumb":{"@id":"https:\/\/www.mesys.nl\/de\/neue-auftraege\/#breadcrumb"},"inLanguage":"de","potentialAction":[{"@type":"ReadAction","target":["https:\/\/www.mesys.nl\/de\/neue-auftraege\/"]}]},{"@type":"ImageObject","inLanguage":"de","@id":"https:\/\/www.mesys.nl\/de\/neue-auftraege\/#primaryimage","url":"https:\/\/www.mesys.nl\/wp-content\/uploads\/2016\/04\/Henri-Wintermans.jpg","contentUrl":"https:\/\/www.mesys.nl\/wp-content\/uploads\/2016\/04\/Henri-Wintermans.jpg"},{"@type":"BreadcrumbList","@id":"https:\/\/www.mesys.nl\/de\/neue-auftraege\/#breadcrumb","itemListElement":[{"@type":"ListItem","position":1,"name":"Home","item":"https:\/\/www.mesys.nl\/de\/"},{"@type":"ListItem","position":2,"name":"Neue Auftr\u00e4ge"}]},{"@type":"WebSite","@id":"https:\/\/www.mesys.nl\/#website","url":"https:\/\/www.mesys.nl\/","name":"Mesys Air Systems","description":"Air Systems BV","potentialAction":[{"@type":"SearchAction","target":{"@type":"EntryPoint","urlTemplate":"https:\/\/www.mesys.nl\/?s={search_term_string}"},"query-input":{"@type":"PropertyValueSpecification","valueRequired":true,"valueName":"search_term_string"}}],"inLanguage":"de"}]}},"_links":{"self":[{"href":"https:\/\/www.mesys.nl\/de\/wp-json\/wp\/v2\/pages\/943","targetHints":{"allow":["GET"]}}],"collection":[{"href":"https:\/\/www.mesys.nl\/de\/wp-json\/wp\/v2\/pages"}],"about":[{"href":"https:\/\/www.mesys.nl\/de\/wp-json\/wp\/v2\/types\/page"}],"author":[{"embeddable":true,"href":"https:\/\/www.mesys.nl\/de\/wp-json\/wp\/v2\/users\/1"}],"replies":[{"embeddable":true,"href":"https:\/\/www.mesys.nl\/de\/wp-json\/wp\/v2\/comments?post=943"}],"version-history":[{"count":5,"href":"https:\/\/www.mesys.nl\/de\/wp-json\/wp\/v2\/pages\/943\/revisions"}],"predecessor-version":[{"id":954,"href":"https:\/\/www.mesys.nl\/de\/wp-json\/wp\/v2\/pages\/943\/revisions\/954"}],"wp:attachment":[{"href":"https:\/\/www.mesys.nl\/de\/wp-json\/wp\/v2\/media?parent=943"}],"curies":[{"name":"wp","href":"https:\/\/api.w.org\/{rel}","templated":true}]}}