{"id":960,"date":"2016-04-18T09:31:14","date_gmt":"2016-04-18T08:31:14","guid":{"rendered":"http:\/\/www.mesys.nl\/?page_id=960&#038;lang=de"},"modified":"2016-04-18T09:32:04","modified_gmt":"2016-04-18T08:32:04","slug":"zusammenarbeit","status":"publish","type":"page","link":"https:\/\/www.mesys.nl\/de\/zusammenarbeit\/","title":{"rendered":"Zusammenarbeit"},"content":{"rendered":"<h1>Zusammenarbeit<\/h1>\n<h3><strong>Forgestal (statt Forgestal-Vorschl\u00e4ge)<\/strong><\/h3>\n<p><img decoding=\"async\" class=\"size-full wp-image-827 alignnone\" src=\"https:\/\/www.mesys.nl\/wp-content\/uploads\/2016\/04\/Forgestal.jpg\" alt=\"mesys\" width=\"640\" height=\"479\" srcset=\"https:\/\/www.mesys.nl\/wp-content\/uploads\/2016\/04\/Forgestal.jpg 640w, https:\/\/www.mesys.nl\/wp-content\/uploads\/2016\/04\/Forgestal-401x300.jpg 401w\" sizes=\"(max-width: 640px) 100vw, 640px\" \/><br \/>\nSeit Ende 2009 arbeitet Mesys mit Forgestal srl in Barcelona zusammen. Forgestal liefert Reinigungssysteme f\u00fcr Ofenwagen und feuerfeste Verkleidungen. Das spanische Unternehmen ist ein bedeutender Zulieferer f\u00fcr die grobkeramische Industrie und erg\u00e4nzt sich nahtlos mit Mesys. Mesys vertritt Forgestal exklusiv auf dem niederl\u00e4ndischen und belgischen Markt.<\/p>\n","protected":false},"excerpt":{"rendered":"<p>Zusammenarbeit Forgestal (statt Forgestal-Vorschl\u00e4ge) Seit Ende 2009 arbeitet Mesys mit Forgestal srl in Barcelona zusammen. Forgestal liefert Reinigungssysteme f\u00fcr Ofenwagen und feuerfeste Verkleidungen. Das spanische Unternehmen ist ein bedeutender Zulieferer f\u00fcr die grobkeramische Industrie und erg\u00e4nzt sich nahtlos mit Mesys. Mesys vertritt Forgestal exklusiv auf dem niederl\u00e4ndischen und belgischen Markt.<\/p>\n","protected":false},"author":1,"featured_media":0,"parent":0,"menu_order":0,"comment_status":"closed","ping_status":"closed","template":"","meta":{"_acf_changed":false,"_monsterinsights_skip_tracking":false,"_monsterinsights_sitenote_active":false,"_monsterinsights_sitenote_note":"","_monsterinsights_sitenote_category":0,"footnotes":""},"class_list":["post-960","page","type-page","status-publish","hentry"],"acf":[],"yoast_head":"<!-- This site is optimized with the Yoast SEO plugin v27.3 - https:\/\/yoast.com\/product\/yoast-seo-wordpress\/ -->\n<title>Zusammenarbeit - Mesys Air Systems<\/title>\n<meta name=\"robots\" content=\"index, follow, max-snippet:-1, max-image-preview:large, max-video-preview:-1\" \/>\n<link rel=\"canonical\" href=\"https:\/\/www.mesys.nl\/de\/zusammenarbeit\/\" \/>\n<meta property=\"og:locale\" content=\"de_DE\" \/>\n<meta property=\"og:type\" content=\"article\" \/>\n<meta property=\"og:title\" content=\"Zusammenarbeit - Mesys Air Systems\" \/>\n<meta property=\"og:description\" content=\"Zusammenarbeit Forgestal (statt Forgestal-Vorschl\u00e4ge) Seit Ende 2009 arbeitet Mesys mit Forgestal srl in Barcelona zusammen. Forgestal liefert Reinigungssysteme f\u00fcr Ofenwagen und feuerfeste Verkleidungen. Das spanische Unternehmen ist ein bedeutender Zulieferer f\u00fcr die grobkeramische Industrie und erg\u00e4nzt sich nahtlos mit Mesys. Mesys vertritt Forgestal exklusiv auf dem niederl\u00e4ndischen und belgischen Markt.\" \/>\n<meta property=\"og:url\" content=\"https:\/\/www.mesys.nl\/de\/zusammenarbeit\/\" \/>\n<meta property=\"og:site_name\" content=\"Mesys Air Systems\" \/>\n<meta property=\"article:modified_time\" content=\"2016-04-18T08:32:04+00:00\" \/>\n<meta property=\"og:image\" content=\"https:\/\/www.mesys.nl\/wp-content\/uploads\/2016\/04\/Forgestal.jpg\" \/>\n<script type=\"application\/ld+json\" class=\"yoast-schema-graph\">{\"@context\":\"https:\\\/\\\/schema.org\",\"@graph\":[{\"@type\":\"WebPage\",\"@id\":\"https:\\\/\\\/www.mesys.nl\\\/de\\\/zusammenarbeit\\\/\",\"url\":\"https:\\\/\\\/www.mesys.nl\\\/de\\\/zusammenarbeit\\\/\",\"name\":\"Zusammenarbeit - Mesys Air Systems\",\"isPartOf\":{\"@id\":\"https:\\\/\\\/www.mesys.nl\\\/#website\"},\"primaryImageOfPage\":{\"@id\":\"https:\\\/\\\/www.mesys.nl\\\/de\\\/zusammenarbeit\\\/#primaryimage\"},\"image\":{\"@id\":\"https:\\\/\\\/www.mesys.nl\\\/de\\\/zusammenarbeit\\\/#primaryimage\"},\"thumbnailUrl\":\"https:\\\/\\\/www.mesys.nl\\\/wp-content\\\/uploads\\\/2016\\\/04\\\/Forgestal.jpg\",\"datePublished\":\"2016-04-18T08:31:14+00:00\",\"dateModified\":\"2016-04-18T08:32:04+00:00\",\"breadcrumb\":{\"@id\":\"https:\\\/\\\/www.mesys.nl\\\/de\\\/zusammenarbeit\\\/#breadcrumb\"},\"inLanguage\":\"de\",\"potentialAction\":[{\"@type\":\"ReadAction\",\"target\":[\"https:\\\/\\\/www.mesys.nl\\\/de\\\/zusammenarbeit\\\/\"]}]},{\"@type\":\"ImageObject\",\"inLanguage\":\"de\",\"@id\":\"https:\\\/\\\/www.mesys.nl\\\/de\\\/zusammenarbeit\\\/#primaryimage\",\"url\":\"https:\\\/\\\/www.mesys.nl\\\/wp-content\\\/uploads\\\/2016\\\/04\\\/Forgestal.jpg\",\"contentUrl\":\"https:\\\/\\\/www.mesys.nl\\\/wp-content\\\/uploads\\\/2016\\\/04\\\/Forgestal.jpg\"},{\"@type\":\"BreadcrumbList\",\"@id\":\"https:\\\/\\\/www.mesys.nl\\\/de\\\/zusammenarbeit\\\/#breadcrumb\",\"itemListElement\":[{\"@type\":\"ListItem\",\"position\":1,\"name\":\"Home\",\"item\":\"https:\\\/\\\/www.mesys.nl\\\/de\\\/\"},{\"@type\":\"ListItem\",\"position\":2,\"name\":\"Zusammenarbeit\"}]},{\"@type\":\"WebSite\",\"@id\":\"https:\\\/\\\/www.mesys.nl\\\/#website\",\"url\":\"https:\\\/\\\/www.mesys.nl\\\/\",\"name\":\"Mesys Air Systems\",\"description\":\"Air Systems BV\",\"potentialAction\":[{\"@type\":\"SearchAction\",\"target\":{\"@type\":\"EntryPoint\",\"urlTemplate\":\"https:\\\/\\\/www.mesys.nl\\\/?s={search_term_string}\"},\"query-input\":{\"@type\":\"PropertyValueSpecification\",\"valueRequired\":true,\"valueName\":\"search_term_string\"}}],\"inLanguage\":\"de\"}]}<\/script>\n<!-- \/ Yoast SEO plugin. -->","yoast_head_json":{"title":"Zusammenarbeit - Mesys Air Systems","robots":{"index":"index","follow":"follow","max-snippet":"max-snippet:-1","max-image-preview":"max-image-preview:large","max-video-preview":"max-video-preview:-1"},"canonical":"https:\/\/www.mesys.nl\/de\/zusammenarbeit\/","og_locale":"de_DE","og_type":"article","og_title":"Zusammenarbeit - Mesys Air Systems","og_description":"Zusammenarbeit Forgestal (statt Forgestal-Vorschl\u00e4ge) Seit Ende 2009 arbeitet Mesys mit Forgestal srl in Barcelona zusammen. Forgestal liefert Reinigungssysteme f\u00fcr Ofenwagen und feuerfeste Verkleidungen. Das spanische Unternehmen ist ein bedeutender Zulieferer f\u00fcr die grobkeramische Industrie und erg\u00e4nzt sich nahtlos mit Mesys. Mesys vertritt Forgestal exklusiv auf dem niederl\u00e4ndischen und belgischen Markt.","og_url":"https:\/\/www.mesys.nl\/de\/zusammenarbeit\/","og_site_name":"Mesys Air Systems","article_modified_time":"2016-04-18T08:32:04+00:00","og_image":[{"url":"https:\/\/www.mesys.nl\/wp-content\/uploads\/2016\/04\/Forgestal.jpg","type":"","width":"","height":""}],"schema":{"@context":"https:\/\/schema.org","@graph":[{"@type":"WebPage","@id":"https:\/\/www.mesys.nl\/de\/zusammenarbeit\/","url":"https:\/\/www.mesys.nl\/de\/zusammenarbeit\/","name":"Zusammenarbeit - Mesys Air Systems","isPartOf":{"@id":"https:\/\/www.mesys.nl\/#website"},"primaryImageOfPage":{"@id":"https:\/\/www.mesys.nl\/de\/zusammenarbeit\/#primaryimage"},"image":{"@id":"https:\/\/www.mesys.nl\/de\/zusammenarbeit\/#primaryimage"},"thumbnailUrl":"https:\/\/www.mesys.nl\/wp-content\/uploads\/2016\/04\/Forgestal.jpg","datePublished":"2016-04-18T08:31:14+00:00","dateModified":"2016-04-18T08:32:04+00:00","breadcrumb":{"@id":"https:\/\/www.mesys.nl\/de\/zusammenarbeit\/#breadcrumb"},"inLanguage":"de","potentialAction":[{"@type":"ReadAction","target":["https:\/\/www.mesys.nl\/de\/zusammenarbeit\/"]}]},{"@type":"ImageObject","inLanguage":"de","@id":"https:\/\/www.mesys.nl\/de\/zusammenarbeit\/#primaryimage","url":"https:\/\/www.mesys.nl\/wp-content\/uploads\/2016\/04\/Forgestal.jpg","contentUrl":"https:\/\/www.mesys.nl\/wp-content\/uploads\/2016\/04\/Forgestal.jpg"},{"@type":"BreadcrumbList","@id":"https:\/\/www.mesys.nl\/de\/zusammenarbeit\/#breadcrumb","itemListElement":[{"@type":"ListItem","position":1,"name":"Home","item":"https:\/\/www.mesys.nl\/de\/"},{"@type":"ListItem","position":2,"name":"Zusammenarbeit"}]},{"@type":"WebSite","@id":"https:\/\/www.mesys.nl\/#website","url":"https:\/\/www.mesys.nl\/","name":"Mesys Air Systems","description":"Air Systems BV","potentialAction":[{"@type":"SearchAction","target":{"@type":"EntryPoint","urlTemplate":"https:\/\/www.mesys.nl\/?s={search_term_string}"},"query-input":{"@type":"PropertyValueSpecification","valueRequired":true,"valueName":"search_term_string"}}],"inLanguage":"de"}]}},"_links":{"self":[{"href":"https:\/\/www.mesys.nl\/de\/wp-json\/wp\/v2\/pages\/960","targetHints":{"allow":["GET"]}}],"collection":[{"href":"https:\/\/www.mesys.nl\/de\/wp-json\/wp\/v2\/pages"}],"about":[{"href":"https:\/\/www.mesys.nl\/de\/wp-json\/wp\/v2\/types\/page"}],"author":[{"embeddable":true,"href":"https:\/\/www.mesys.nl\/de\/wp-json\/wp\/v2\/users\/1"}],"replies":[{"embeddable":true,"href":"https:\/\/www.mesys.nl\/de\/wp-json\/wp\/v2\/comments?post=960"}],"version-history":[{"count":1,"href":"https:\/\/www.mesys.nl\/de\/wp-json\/wp\/v2\/pages\/960\/revisions"}],"predecessor-version":[{"id":961,"href":"https:\/\/www.mesys.nl\/de\/wp-json\/wp\/v2\/pages\/960\/revisions\/961"}],"wp:attachment":[{"href":"https:\/\/www.mesys.nl\/de\/wp-json\/wp\/v2\/media?parent=960"}],"curies":[{"name":"wp","href":"https:\/\/api.w.org\/{rel}","templated":true}]}}