{"id":977,"date":"2016-04-18T09:40:13","date_gmt":"2016-04-18T08:40:13","guid":{"rendered":"http:\/\/www.mesys.nl\/?page_id=977&#038;lang=de"},"modified":"2016-04-18T09:40:52","modified_gmt":"2016-04-18T08:40:52","slug":"papierindustrie","status":"publish","type":"page","link":"https:\/\/www.mesys.nl\/de\/papierindustrie\/","title":{"rendered":"Papierindustrie"},"content":{"rendered":"<h1>Papierindustrie<\/h1>\n<h3><strong>Papiertrennung (neu)<\/strong><\/h3>\n<p><img decoding=\"async\" class=\"wp-image-850 size-medium alignleft\" src=\"https:\/\/www.mesys.nl\/wp-content\/uploads\/2016\/04\/Snippers-450x300.jpg\" alt=\"mesys\" width=\"450\" height=\"300\" srcset=\"https:\/\/www.mesys.nl\/wp-content\/uploads\/2016\/04\/Snippers-450x300.jpg 450w, https:\/\/www.mesys.nl\/wp-content\/uploads\/2016\/04\/Snippers-768x512.jpg 768w, https:\/\/www.mesys.nl\/wp-content\/uploads\/2016\/04\/Snippers-1024x683.jpg 1024w, https:\/\/www.mesys.nl\/wp-content\/uploads\/2016\/04\/Snippers.jpg 1248w\" sizes=\"(max-width: 450px) 100vw, 450px\" \/><br \/>\nMesys besch\u00e4ftigt sich sehr aktiv mit der Entwicklung einer Technik zur qualitativen Papiertrennung. Es geht dabei um ein System zur trockene Trennung von Altpapier in verschiedene Qualit\u00e4tssorten, wodurch eine f\u00fcnf- bis sechsmalige Wiederverwendung m\u00f6glich wird.<\/p>\n","protected":false},"excerpt":{"rendered":"<p>Papierindustrie Papiertrennung (neu) Mesys besch\u00e4ftigt sich sehr aktiv mit der Entwicklung einer Technik zur qualitativen Papiertrennung. Es geht dabei um ein System zur trockene Trennung von Altpapier in verschiedene Qualit\u00e4tssorten, wodurch eine f\u00fcnf- bis sechsmalige Wiederverwendung m\u00f6glich wird.<\/p>\n","protected":false},"author":1,"featured_media":0,"parent":0,"menu_order":0,"comment_status":"closed","ping_status":"closed","template":"","meta":{"_acf_changed":false,"_monsterinsights_skip_tracking":false,"_monsterinsights_sitenote_active":false,"_monsterinsights_sitenote_note":"","_monsterinsights_sitenote_category":0,"footnotes":""},"class_list":["post-977","page","type-page","status-publish","hentry"],"acf":[],"yoast_head":"<!-- This site is optimized with the Yoast SEO plugin v27.4 - https:\/\/yoast.com\/product\/yoast-seo-wordpress\/ -->\n<title>Papierindustrie - Mesys Air Systems<\/title>\n<meta name=\"robots\" content=\"index, follow, max-snippet:-1, max-image-preview:large, max-video-preview:-1\" \/>\n<link rel=\"canonical\" href=\"https:\/\/www.mesys.nl\/de\/papierindustrie\/\" \/>\n<meta property=\"og:locale\" content=\"de_DE\" \/>\n<meta property=\"og:type\" content=\"article\" \/>\n<meta property=\"og:title\" content=\"Papierindustrie - Mesys Air Systems\" \/>\n<meta property=\"og:description\" content=\"Papierindustrie Papiertrennung (neu) Mesys besch\u00e4ftigt sich sehr aktiv mit der Entwicklung einer Technik zur qualitativen Papiertrennung. Es geht dabei um ein System zur trockene Trennung von Altpapier in verschiedene Qualit\u00e4tssorten, wodurch eine f\u00fcnf- bis sechsmalige Wiederverwendung m\u00f6glich wird.\" \/>\n<meta property=\"og:url\" content=\"https:\/\/www.mesys.nl\/de\/papierindustrie\/\" \/>\n<meta property=\"og:site_name\" content=\"Mesys Air Systems\" \/>\n<meta property=\"article:modified_time\" content=\"2016-04-18T08:40:52+00:00\" \/>\n<meta property=\"og:image\" content=\"https:\/\/www.mesys.nl\/wp-content\/uploads\/2016\/04\/Snippers-450x300.jpg\" \/>\n<script type=\"application\/ld+json\" class=\"yoast-schema-graph\">{\"@context\":\"https:\\\/\\\/schema.org\",\"@graph\":[{\"@type\":\"WebPage\",\"@id\":\"https:\\\/\\\/www.mesys.nl\\\/de\\\/papierindustrie\\\/\",\"url\":\"https:\\\/\\\/www.mesys.nl\\\/de\\\/papierindustrie\\\/\",\"name\":\"Papierindustrie - Mesys Air Systems\",\"isPartOf\":{\"@id\":\"https:\\\/\\\/www.mesys.nl\\\/#website\"},\"primaryImageOfPage\":{\"@id\":\"https:\\\/\\\/www.mesys.nl\\\/de\\\/papierindustrie\\\/#primaryimage\"},\"image\":{\"@id\":\"https:\\\/\\\/www.mesys.nl\\\/de\\\/papierindustrie\\\/#primaryimage\"},\"thumbnailUrl\":\"https:\\\/\\\/www.mesys.nl\\\/wp-content\\\/uploads\\\/2016\\\/04\\\/Snippers-450x300.jpg\",\"datePublished\":\"2016-04-18T08:40:13+00:00\",\"dateModified\":\"2016-04-18T08:40:52+00:00\",\"breadcrumb\":{\"@id\":\"https:\\\/\\\/www.mesys.nl\\\/de\\\/papierindustrie\\\/#breadcrumb\"},\"inLanguage\":\"de\",\"potentialAction\":[{\"@type\":\"ReadAction\",\"target\":[\"https:\\\/\\\/www.mesys.nl\\\/de\\\/papierindustrie\\\/\"]}]},{\"@type\":\"ImageObject\",\"inLanguage\":\"de\",\"@id\":\"https:\\\/\\\/www.mesys.nl\\\/de\\\/papierindustrie\\\/#primaryimage\",\"url\":\"https:\\\/\\\/www.mesys.nl\\\/wp-content\\\/uploads\\\/2016\\\/04\\\/Snippers-450x300.jpg\",\"contentUrl\":\"https:\\\/\\\/www.mesys.nl\\\/wp-content\\\/uploads\\\/2016\\\/04\\\/Snippers-450x300.jpg\"},{\"@type\":\"BreadcrumbList\",\"@id\":\"https:\\\/\\\/www.mesys.nl\\\/de\\\/papierindustrie\\\/#breadcrumb\",\"itemListElement\":[{\"@type\":\"ListItem\",\"position\":1,\"name\":\"Home\",\"item\":\"https:\\\/\\\/www.mesys.nl\\\/de\\\/\"},{\"@type\":\"ListItem\",\"position\":2,\"name\":\"Papierindustrie\"}]},{\"@type\":\"WebSite\",\"@id\":\"https:\\\/\\\/www.mesys.nl\\\/#website\",\"url\":\"https:\\\/\\\/www.mesys.nl\\\/\",\"name\":\"Mesys Air Systems\",\"description\":\"Air Systems BV\",\"potentialAction\":[{\"@type\":\"SearchAction\",\"target\":{\"@type\":\"EntryPoint\",\"urlTemplate\":\"https:\\\/\\\/www.mesys.nl\\\/?s={search_term_string}\"},\"query-input\":{\"@type\":\"PropertyValueSpecification\",\"valueRequired\":true,\"valueName\":\"search_term_string\"}}],\"inLanguage\":\"de\"}]}<\/script>\n<!-- \/ Yoast SEO plugin. -->","yoast_head_json":{"title":"Papierindustrie - Mesys Air Systems","robots":{"index":"index","follow":"follow","max-snippet":"max-snippet:-1","max-image-preview":"max-image-preview:large","max-video-preview":"max-video-preview:-1"},"canonical":"https:\/\/www.mesys.nl\/de\/papierindustrie\/","og_locale":"de_DE","og_type":"article","og_title":"Papierindustrie - Mesys Air Systems","og_description":"Papierindustrie Papiertrennung (neu) Mesys besch\u00e4ftigt sich sehr aktiv mit der Entwicklung einer Technik zur qualitativen Papiertrennung. Es geht dabei um ein System zur trockene Trennung von Altpapier in verschiedene Qualit\u00e4tssorten, wodurch eine f\u00fcnf- bis sechsmalige Wiederverwendung m\u00f6glich wird.","og_url":"https:\/\/www.mesys.nl\/de\/papierindustrie\/","og_site_name":"Mesys Air Systems","article_modified_time":"2016-04-18T08:40:52+00:00","og_image":[{"url":"https:\/\/www.mesys.nl\/wp-content\/uploads\/2016\/04\/Snippers-450x300.jpg","type":"","width":"","height":""}],"schema":{"@context":"https:\/\/schema.org","@graph":[{"@type":"WebPage","@id":"https:\/\/www.mesys.nl\/de\/papierindustrie\/","url":"https:\/\/www.mesys.nl\/de\/papierindustrie\/","name":"Papierindustrie - Mesys Air Systems","isPartOf":{"@id":"https:\/\/www.mesys.nl\/#website"},"primaryImageOfPage":{"@id":"https:\/\/www.mesys.nl\/de\/papierindustrie\/#primaryimage"},"image":{"@id":"https:\/\/www.mesys.nl\/de\/papierindustrie\/#primaryimage"},"thumbnailUrl":"https:\/\/www.mesys.nl\/wp-content\/uploads\/2016\/04\/Snippers-450x300.jpg","datePublished":"2016-04-18T08:40:13+00:00","dateModified":"2016-04-18T08:40:52+00:00","breadcrumb":{"@id":"https:\/\/www.mesys.nl\/de\/papierindustrie\/#breadcrumb"},"inLanguage":"de","potentialAction":[{"@type":"ReadAction","target":["https:\/\/www.mesys.nl\/de\/papierindustrie\/"]}]},{"@type":"ImageObject","inLanguage":"de","@id":"https:\/\/www.mesys.nl\/de\/papierindustrie\/#primaryimage","url":"https:\/\/www.mesys.nl\/wp-content\/uploads\/2016\/04\/Snippers-450x300.jpg","contentUrl":"https:\/\/www.mesys.nl\/wp-content\/uploads\/2016\/04\/Snippers-450x300.jpg"},{"@type":"BreadcrumbList","@id":"https:\/\/www.mesys.nl\/de\/papierindustrie\/#breadcrumb","itemListElement":[{"@type":"ListItem","position":1,"name":"Home","item":"https:\/\/www.mesys.nl\/de\/"},{"@type":"ListItem","position":2,"name":"Papierindustrie"}]},{"@type":"WebSite","@id":"https:\/\/www.mesys.nl\/#website","url":"https:\/\/www.mesys.nl\/","name":"Mesys Air Systems","description":"Air Systems BV","potentialAction":[{"@type":"SearchAction","target":{"@type":"EntryPoint","urlTemplate":"https:\/\/www.mesys.nl\/?s={search_term_string}"},"query-input":{"@type":"PropertyValueSpecification","valueRequired":true,"valueName":"search_term_string"}}],"inLanguage":"de"}]}},"_links":{"self":[{"href":"https:\/\/www.mesys.nl\/de\/wp-json\/wp\/v2\/pages\/977","targetHints":{"allow":["GET"]}}],"collection":[{"href":"https:\/\/www.mesys.nl\/de\/wp-json\/wp\/v2\/pages"}],"about":[{"href":"https:\/\/www.mesys.nl\/de\/wp-json\/wp\/v2\/types\/page"}],"author":[{"embeddable":true,"href":"https:\/\/www.mesys.nl\/de\/wp-json\/wp\/v2\/users\/1"}],"replies":[{"embeddable":true,"href":"https:\/\/www.mesys.nl\/de\/wp-json\/wp\/v2\/comments?post=977"}],"version-history":[{"count":1,"href":"https:\/\/www.mesys.nl\/de\/wp-json\/wp\/v2\/pages\/977\/revisions"}],"predecessor-version":[{"id":978,"href":"https:\/\/www.mesys.nl\/de\/wp-json\/wp\/v2\/pages\/977\/revisions\/978"}],"wp:attachment":[{"href":"https:\/\/www.mesys.nl\/de\/wp-json\/wp\/v2\/media?parent=977"}],"curies":[{"name":"wp","href":"https:\/\/api.w.org\/{rel}","templated":true}]}}