{"id":980,"date":"2016-04-18T09:42:39","date_gmt":"2016-04-18T08:42:39","guid":{"rendered":"http:\/\/www.mesys.nl\/?page_id=980&#038;lang=de"},"modified":"2016-04-18T09:43:36","modified_gmt":"2016-04-18T08:43:36","slug":"filtertechnik","status":"publish","type":"page","link":"https:\/\/www.mesys.nl\/de\/filtertechnik\/","title":{"rendered":"Filtertechnik"},"content":{"rendered":"<h1>Filtertechnik<\/h1>\n<h3><strong>Filtern mit Schaum<\/strong><\/h3>\n<p>Zusammen mit TNO entwickelt Mesys eine Technik, bei der Schaum als Filtermaterial eingesetzt wird. Verwendet wird eine Kombination von Staub- und Gasreinigung. Diese revolution\u00e4re Technik wird vermutlich mittelfristig in allen Industrien einsetzbar sein. Das System zeichnet sich f\u00fcr den Kunden durch ein gutes Preis-Leistungsverh\u00e4ltnis aus, so dass schnell eine Kostenersparnis erzielt wird.<\/p>\n<p>&nbsp;<\/p>\n<h2>Mesys informiert<\/h2>\n<p>PDF zu erg\u00e4nzen durch Leo ten Have<\/p>\n","protected":false},"excerpt":{"rendered":"<p>Filtertechnik Filtern mit Schaum Zusammen mit TNO entwickelt Mesys eine Technik, bei der Schaum als Filtermaterial eingesetzt wird. Verwendet wird eine Kombination von Staub- und Gasreinigung. Diese revolution\u00e4re Technik wird vermutlich mittelfristig in allen Industrien einsetzbar sein. Das System zeichnet sich f\u00fcr den Kunden durch ein gutes Preis-Leistungsverh\u00e4ltnis aus, so dass schnell eine Kostenersparnis erzielt [&hellip;]<\/p>\n","protected":false},"author":1,"featured_media":0,"parent":0,"menu_order":0,"comment_status":"closed","ping_status":"closed","template":"","meta":{"_acf_changed":false,"_monsterinsights_skip_tracking":false,"_monsterinsights_sitenote_active":false,"_monsterinsights_sitenote_note":"","_monsterinsights_sitenote_category":0,"footnotes":""},"class_list":["post-980","page","type-page","status-publish","hentry"],"acf":[],"yoast_head":"<!-- This site is optimized with the Yoast SEO plugin v27.4 - https:\/\/yoast.com\/product\/yoast-seo-wordpress\/ -->\n<title>Filtertechnik - Mesys Air Systems<\/title>\n<meta name=\"robots\" content=\"index, follow, max-snippet:-1, max-image-preview:large, max-video-preview:-1\" \/>\n<link rel=\"canonical\" href=\"https:\/\/www.mesys.nl\/de\/filtertechnik\/\" \/>\n<meta property=\"og:locale\" content=\"de_DE\" \/>\n<meta property=\"og:type\" content=\"article\" \/>\n<meta property=\"og:title\" content=\"Filtertechnik - Mesys Air Systems\" \/>\n<meta property=\"og:description\" content=\"Filtertechnik Filtern mit Schaum Zusammen mit TNO entwickelt Mesys eine Technik, bei der Schaum als Filtermaterial eingesetzt wird. Verwendet wird eine Kombination von Staub- und Gasreinigung. Diese revolution\u00e4re Technik wird vermutlich mittelfristig in allen Industrien einsetzbar sein. Das System zeichnet sich f\u00fcr den Kunden durch ein gutes Preis-Leistungsverh\u00e4ltnis aus, so dass schnell eine Kostenersparnis erzielt [&hellip;]\" \/>\n<meta property=\"og:url\" content=\"https:\/\/www.mesys.nl\/de\/filtertechnik\/\" \/>\n<meta property=\"og:site_name\" content=\"Mesys Air Systems\" \/>\n<meta property=\"article:modified_time\" content=\"2016-04-18T08:43:36+00:00\" \/>\n<script type=\"application\/ld+json\" class=\"yoast-schema-graph\">{\"@context\":\"https:\\\/\\\/schema.org\",\"@graph\":[{\"@type\":\"WebPage\",\"@id\":\"https:\\\/\\\/www.mesys.nl\\\/de\\\/filtertechnik\\\/\",\"url\":\"https:\\\/\\\/www.mesys.nl\\\/de\\\/filtertechnik\\\/\",\"name\":\"Filtertechnik - Mesys Air Systems\",\"isPartOf\":{\"@id\":\"https:\\\/\\\/www.mesys.nl\\\/#website\"},\"datePublished\":\"2016-04-18T08:42:39+00:00\",\"dateModified\":\"2016-04-18T08:43:36+00:00\",\"breadcrumb\":{\"@id\":\"https:\\\/\\\/www.mesys.nl\\\/de\\\/filtertechnik\\\/#breadcrumb\"},\"inLanguage\":\"de\",\"potentialAction\":[{\"@type\":\"ReadAction\",\"target\":[\"https:\\\/\\\/www.mesys.nl\\\/de\\\/filtertechnik\\\/\"]}]},{\"@type\":\"BreadcrumbList\",\"@id\":\"https:\\\/\\\/www.mesys.nl\\\/de\\\/filtertechnik\\\/#breadcrumb\",\"itemListElement\":[{\"@type\":\"ListItem\",\"position\":1,\"name\":\"Home\",\"item\":\"https:\\\/\\\/www.mesys.nl\\\/de\\\/\"},{\"@type\":\"ListItem\",\"position\":2,\"name\":\"Filtertechnik\"}]},{\"@type\":\"WebSite\",\"@id\":\"https:\\\/\\\/www.mesys.nl\\\/#website\",\"url\":\"https:\\\/\\\/www.mesys.nl\\\/\",\"name\":\"Mesys Air Systems\",\"description\":\"Air Systems BV\",\"potentialAction\":[{\"@type\":\"SearchAction\",\"target\":{\"@type\":\"EntryPoint\",\"urlTemplate\":\"https:\\\/\\\/www.mesys.nl\\\/?s={search_term_string}\"},\"query-input\":{\"@type\":\"PropertyValueSpecification\",\"valueRequired\":true,\"valueName\":\"search_term_string\"}}],\"inLanguage\":\"de\"}]}<\/script>\n<!-- \/ Yoast SEO plugin. -->","yoast_head_json":{"title":"Filtertechnik - Mesys Air Systems","robots":{"index":"index","follow":"follow","max-snippet":"max-snippet:-1","max-image-preview":"max-image-preview:large","max-video-preview":"max-video-preview:-1"},"canonical":"https:\/\/www.mesys.nl\/de\/filtertechnik\/","og_locale":"de_DE","og_type":"article","og_title":"Filtertechnik - Mesys Air Systems","og_description":"Filtertechnik Filtern mit Schaum Zusammen mit TNO entwickelt Mesys eine Technik, bei der Schaum als Filtermaterial eingesetzt wird. Verwendet wird eine Kombination von Staub- und Gasreinigung. Diese revolution\u00e4re Technik wird vermutlich mittelfristig in allen Industrien einsetzbar sein. Das System zeichnet sich f\u00fcr den Kunden durch ein gutes Preis-Leistungsverh\u00e4ltnis aus, so dass schnell eine Kostenersparnis erzielt [&hellip;]","og_url":"https:\/\/www.mesys.nl\/de\/filtertechnik\/","og_site_name":"Mesys Air Systems","article_modified_time":"2016-04-18T08:43:36+00:00","schema":{"@context":"https:\/\/schema.org","@graph":[{"@type":"WebPage","@id":"https:\/\/www.mesys.nl\/de\/filtertechnik\/","url":"https:\/\/www.mesys.nl\/de\/filtertechnik\/","name":"Filtertechnik - Mesys Air Systems","isPartOf":{"@id":"https:\/\/www.mesys.nl\/#website"},"datePublished":"2016-04-18T08:42:39+00:00","dateModified":"2016-04-18T08:43:36+00:00","breadcrumb":{"@id":"https:\/\/www.mesys.nl\/de\/filtertechnik\/#breadcrumb"},"inLanguage":"de","potentialAction":[{"@type":"ReadAction","target":["https:\/\/www.mesys.nl\/de\/filtertechnik\/"]}]},{"@type":"BreadcrumbList","@id":"https:\/\/www.mesys.nl\/de\/filtertechnik\/#breadcrumb","itemListElement":[{"@type":"ListItem","position":1,"name":"Home","item":"https:\/\/www.mesys.nl\/de\/"},{"@type":"ListItem","position":2,"name":"Filtertechnik"}]},{"@type":"WebSite","@id":"https:\/\/www.mesys.nl\/#website","url":"https:\/\/www.mesys.nl\/","name":"Mesys Air Systems","description":"Air Systems BV","potentialAction":[{"@type":"SearchAction","target":{"@type":"EntryPoint","urlTemplate":"https:\/\/www.mesys.nl\/?s={search_term_string}"},"query-input":{"@type":"PropertyValueSpecification","valueRequired":true,"valueName":"search_term_string"}}],"inLanguage":"de"}]}},"_links":{"self":[{"href":"https:\/\/www.mesys.nl\/de\/wp-json\/wp\/v2\/pages\/980","targetHints":{"allow":["GET"]}}],"collection":[{"href":"https:\/\/www.mesys.nl\/de\/wp-json\/wp\/v2\/pages"}],"about":[{"href":"https:\/\/www.mesys.nl\/de\/wp-json\/wp\/v2\/types\/page"}],"author":[{"embeddable":true,"href":"https:\/\/www.mesys.nl\/de\/wp-json\/wp\/v2\/users\/1"}],"replies":[{"embeddable":true,"href":"https:\/\/www.mesys.nl\/de\/wp-json\/wp\/v2\/comments?post=980"}],"version-history":[{"count":1,"href":"https:\/\/www.mesys.nl\/de\/wp-json\/wp\/v2\/pages\/980\/revisions"}],"predecessor-version":[{"id":981,"href":"https:\/\/www.mesys.nl\/de\/wp-json\/wp\/v2\/pages\/980\/revisions\/981"}],"wp:attachment":[{"href":"https:\/\/www.mesys.nl\/de\/wp-json\/wp\/v2\/media?parent=980"}],"curies":[{"name":"wp","href":"https:\/\/api.w.org\/{rel}","templated":true}]}}